{"id":6912,"date":"2019-04-17T11:58:50","date_gmt":"2019-04-17T11:58:50","guid":{"rendered":"https:\/\/www.pogrebne-storitve-babajic.si\/bestattungsdienste\/bestattungszubehoer\/"},"modified":"2026-03-05T12:36:39","modified_gmt":"2026-03-05T12:36:39","slug":"bestattungszubehoer","status":"publish","type":"page","link":"https:\/\/www.pogrebne-storitve-babajic.si\/de\/bestattungsdienste\/bestattungszubehoer\/","title":{"rendered":"Bestattungszubeh\u00f6r"},"content":{"rendered":"\t\t<div data-elementor-type=\"wp-post\" data-elementor-id=\"6912\" class=\"elementor elementor-6912 elementor-3868\" data-elementor-post-type=\"page\">\n\t\t\t\t\t\t<section class=\"elementor-section elementor-top-section elementor-element elementor-element-c7cd0a5 elementor-section-boxed elementor-section-height-default elementor-section-height-default\" data-id=\"c7cd0a5\" data-element_type=\"section\" data-e-type=\"section\">\n\t\t\t\t\t\t<div class=\"elementor-container elementor-column-gap-default\">\n\t\t\t\t\t<div class=\"elementor-column elementor-col-100 elementor-top-column elementor-element elementor-element-f8e736d elementor-hidden-desktop\" data-id=\"f8e736d\" data-element_type=\"column\" data-e-type=\"column\">\n\t\t\t<div class=\"elementor-widget-wrap elementor-element-populated\">\n\t\t\t\t\t\t<div class=\"elementor-element elementor-element-95df835 elementor-widget elementor-widget-image\" data-id=\"95df835\" data-element_type=\"widget\" data-e-type=\"widget\" data-widget_type=\"image.default\">\n\t\t\t\t<div class=\"elementor-widget-container\">\n\t\t\t\t\t\t\t\t\t\t\t\t\t\t\t<img fetchpriority=\"high\" decoding=\"async\" width=\"600\" height=\"244\" src=\"https:\/\/www.pogrebne-storitve-babajic.si\/wp-content\/uploads\/2021\/06\/pogrebne-storitve-babajic-izkop-ekshumacija-pokojnika-3-1024x416.png\" class=\"attachment-large size-large wp-image-6210\" alt=\"\" srcset=\"https:\/\/www.pogrebne-storitve-babajic.si\/wp-content\/uploads\/2021\/06\/pogrebne-storitve-babajic-izkop-ekshumacija-pokojnika-3-1024x416.png 1024w, https:\/\/www.pogrebne-storitve-babajic.si\/wp-content\/uploads\/2021\/06\/pogrebne-storitve-babajic-izkop-ekshumacija-pokojnika-3-300x122.png 300w, https:\/\/www.pogrebne-storitve-babajic.si\/wp-content\/uploads\/2021\/06\/pogrebne-storitve-babajic-izkop-ekshumacija-pokojnika-3-768x312.png 768w, https:\/\/www.pogrebne-storitve-babajic.si\/wp-content\/uploads\/2021\/06\/pogrebne-storitve-babajic-izkop-ekshumacija-pokojnika-3-400x163.png 400w, https:\/\/www.pogrebne-storitve-babajic.si\/wp-content\/uploads\/2021\/06\/pogrebne-storitve-babajic-izkop-ekshumacija-pokojnika-3-600x244.png 600w, https:\/\/www.pogrebne-storitve-babajic.si\/wp-content\/uploads\/2021\/06\/pogrebne-storitve-babajic-izkop-ekshumacija-pokojnika-3.png 1920w\" sizes=\"(max-width: 600px) 100vw, 600px\" \/>\t\t\t\t\t\t\t\t\t\t\t\t\t\t\t<\/div>\n\t\t\t\t<\/div>\n\t\t\t\t\t<\/div>\n\t\t<\/div>\n\t\t\t\t\t<\/div>\n\t\t<\/section>\n\t\t\t\t<section class=\"elementor-section elementor-top-section elementor-element elementor-element-c5335b9 elementor-section-stretched elementor-section-boxed elementor-section-height-default elementor-section-height-default\" data-id=\"c5335b9\" data-element_type=\"section\" data-e-type=\"section\" data-settings=\"{&quot;stretch_section&quot;:&quot;section-stretched&quot;,&quot;background_background&quot;:&quot;classic&quot;}\">\n\t\t\t\t\t\t<div class=\"elementor-container elementor-column-gap-no\">\n\t\t\t\t\t<div class=\"elementor-column elementor-col-50 elementor-top-column elementor-element elementor-element-9684234\" data-id=\"9684234\" data-element_type=\"column\" data-e-type=\"column\" data-settings=\"{&quot;background_background&quot;:&quot;classic&quot;}\">\n\t\t\t<div class=\"elementor-widget-wrap elementor-element-populated\">\n\t\t\t\t\t\t<section class=\"elementor-section elementor-inner-section elementor-element elementor-element-66361e6 elementor-section-boxed elementor-section-height-default elementor-section-height-default\" data-id=\"66361e6\" data-element_type=\"section\" data-e-type=\"section\">\n\t\t\t\t\t\t<div class=\"elementor-container elementor-column-gap-no\">\n\t\t\t\t\t<div class=\"elementor-column elementor-col-100 elementor-inner-column elementor-element elementor-element-d5e0b24\" data-id=\"d5e0b24\" data-element_type=\"column\" data-e-type=\"column\">\n\t\t\t<div class=\"elementor-widget-wrap elementor-element-populated\">\n\t\t\t\t\t\t<div class=\"elementor-element elementor-element-aef5e43 animated-fast elementor-invisible elementor-widget elementor-widget-heading\" data-id=\"aef5e43\" data-element_type=\"widget\" data-e-type=\"widget\" data-settings=\"{&quot;_animation&quot;:&quot;opal-move-up&quot;}\" data-widget_type=\"heading.default\">\n\t\t\t\t<div class=\"elementor-widget-container\">\n\t\t\t\t\t<h2 class=\"elementor-heading-title elementor-size-default\">Bestattungszubeh\u00f6r<\/h2>\t\t\t\t<\/div>\n\t\t\t\t<\/div>\n\t\t\t\t<div class=\"elementor-element elementor-element-9ef445c animated-fast elementor-invisible elementor-widget elementor-widget-text-editor\" data-id=\"9ef445c\" data-element_type=\"widget\" data-e-type=\"widget\" data-settings=\"{&quot;_animation&quot;:&quot;opal-move-up&quot;}\" data-widget_type=\"text-editor.default\">\n\t\t\t\t<div class=\"elementor-widget-container\">\n\t\t\t\t\t        <div class=\"elementor-text-editor elementor-clearfix\"><p>Angeboten wird eine gro\u00dfe Auswahl am Bestattungszubeh\u00f6r f\u00fcr Erd- oder Feuerbestattung<\/p><\/div>\n        \t\t\t\t<\/div>\n\t\t\t\t<\/div>\n\t\t\t\t\t<\/div>\n\t\t<\/div>\n\t\t\t\t\t<\/div>\n\t\t<\/section>\n\t\t\t\t<section class=\"elementor-section elementor-inner-section elementor-element elementor-element-b49abb0 elementor-section-boxed elementor-section-height-default elementor-section-height-default\" data-id=\"b49abb0\" data-element_type=\"section\" data-e-type=\"section\">\n\t\t\t\t\t\t<div class=\"elementor-container elementor-column-gap-no\">\n\t\t\t\t\t<div class=\"elementor-column elementor-col-50 elementor-inner-column elementor-element elementor-element-00b0265 animated-fast elementor-invisible\" data-id=\"00b0265\" data-element_type=\"column\" data-e-type=\"column\" data-settings=\"{&quot;animation&quot;:&quot;opal-move-up&quot;}\">\n\t\t\t<div class=\"elementor-widget-wrap elementor-element-populated\">\n\t\t\t\t\t\t<div class=\"elementor-element elementor-element-94e7e4b elementor-widget elementor-widget-icon-list\" data-id=\"94e7e4b\" data-element_type=\"widget\" data-e-type=\"widget\" data-widget_type=\"icon-list.default\">\n\t\t\t\t<div class=\"elementor-widget-container\">\n\t\t\t\t\t        <ul class=\"elementor-icon-list-items\">\n                            <li class=\"elementor-icon-list-item\" >\n                                            <span class=\"elementor-icon-list-icon\">\n\t\t\t\t\t\t\t<i class=\"fa fa-check\" aria-hidden=\"true\"><\/i>\n\t\t\t\t\t\t<\/span>\n                                        <span class=\"elementor-icon-list-text\">S\u00e4rge<\/span>\n                                    <\/li>\n                            <li class=\"elementor-icon-list-item\" >\n                                            <span class=\"elementor-icon-list-icon\">\n\t\t\t\t\t\t\t<i class=\"fa fa-check\" aria-hidden=\"true\"><\/i>\n\t\t\t\t\t\t<\/span>\n                                        <span class=\"elementor-icon-list-text\">Urnen<\/span>\n                                    <\/li>\n                            <li class=\"elementor-icon-list-item\" >\n                                            <span class=\"elementor-icon-list-icon\">\n\t\t\t\t\t\t\t<i class=\"fa fa-check\" aria-hidden=\"true\"><\/i>\n\t\t\t\t\t\t<\/span>\n                                        <span class=\"elementor-icon-list-text\">Denkm\u00e4ler<\/span>\n                                    <\/li>\n                            <li class=\"elementor-icon-list-item\" >\n                                            <span class=\"elementor-icon-list-icon\">\n\t\t\t\t\t\t\t<i class=\"fa fa-check\" aria-hidden=\"true\"><\/i>\n\t\t\t\t\t\t<\/span>\n                                        <span class=\"elementor-icon-list-text\">Trauerbuch <\/span>\n                                    <\/li>\n                            <li class=\"elementor-icon-list-item\" >\n                                            <span class=\"elementor-icon-list-icon\">\n\t\t\t\t\t\t\t<i class=\"fa fa-check\" aria-hidden=\"true\"><\/i>\n\t\t\t\t\t\t<\/span>\n                                        <span class=\"elementor-icon-list-text\">Sterbew\u00e4sche<\/span>\n                                    <\/li>\n                    <\/ul>\n        \t\t\t\t<\/div>\n\t\t\t\t<\/div>\n\t\t\t\t\t<\/div>\n\t\t<\/div>\n\t\t\t\t<div class=\"elementor-column elementor-col-50 elementor-inner-column elementor-element elementor-element-f0c6ce2 animated-fast elementor-invisible\" data-id=\"f0c6ce2\" data-element_type=\"column\" data-e-type=\"column\" data-settings=\"{&quot;animation&quot;:&quot;opal-move-up&quot;,&quot;animation_delay&quot;:200}\">\n\t\t\t<div class=\"elementor-widget-wrap elementor-element-populated\">\n\t\t\t\t\t\t<div class=\"elementor-element elementor-element-a3a51bb elementor-widget elementor-widget-icon-list\" data-id=\"a3a51bb\" data-element_type=\"widget\" data-e-type=\"widget\" data-widget_type=\"icon-list.default\">\n\t\t\t\t<div class=\"elementor-widget-container\">\n\t\t\t\t\t        <ul class=\"elementor-icon-list-items\">\n                            <li class=\"elementor-icon-list-item\" >\n                                            <span class=\"elementor-icon-list-icon\">\n\t\t\t\t\t\t\t<i class=\"fa fa-check\" aria-hidden=\"true\"><\/i>\n\t\t\t\t\t\t<\/span>\n                                        <span class=\"elementor-icon-list-text\">Deckengarnituren<\/span>\n                                    <\/li>\n                            <li class=\"elementor-icon-list-item\" >\n                                            <span class=\"elementor-icon-list-icon\">\n\t\t\t\t\t\t\t<i class=\"fa fa-check\" aria-hidden=\"true\"><\/i>\n\t\t\t\t\t\t<\/span>\n                                        <span class=\"elementor-icon-list-text\">Schatullen aus Messing<\/span>\n                                    <\/li>\n                            <li class=\"elementor-icon-list-item\" >\n                                            <span class=\"elementor-icon-list-icon\">\n\t\t\t\t\t\t\t<i class=\"fa fa-check\" aria-hidden=\"true\"><\/i>\n\t\t\t\t\t\t<\/span>\n                                        <span class=\"elementor-icon-list-text\">Blecheinlagen<\/span>\n                                    <\/li>\n                            <li class=\"elementor-icon-list-item\" >\n                                            <span class=\"elementor-icon-list-icon\">\n\t\t\t\t\t\t\t<i class=\"fa fa-check\" aria-hidden=\"true\"><\/i>\n\t\t\t\t\t\t<\/span>\n                                        <span class=\"elementor-icon-list-text\">Dekorationsstoff<\/span>\n                                    <\/li>\n                    <\/ul>\n        \t\t\t\t<\/div>\n\t\t\t\t<\/div>\n\t\t\t\t\t<\/div>\n\t\t<\/div>\n\t\t\t\t\t<\/div>\n\t\t<\/section>\n\t\t\t\t<section class=\"elementor-section elementor-inner-section elementor-element elementor-element-818c13d elementor-section-boxed elementor-section-height-default elementor-section-height-default\" data-id=\"818c13d\" data-element_type=\"section\" data-e-type=\"section\">\n\t\t\t\t\t\t<div class=\"elementor-container elementor-column-gap-default\">\n\t\t\t\t\t<div class=\"elementor-column elementor-col-100 elementor-inner-column elementor-element elementor-element-98e1cbb\" data-id=\"98e1cbb\" data-element_type=\"column\" data-e-type=\"column\">\n\t\t\t<div class=\"elementor-widget-wrap elementor-element-populated\">\n\t\t\t\t\t\t<div class=\"elementor-element elementor-element-0b85783 elementor-align-justify animated-fast elementor-button-primary elementor-invisible elementor-widget elementor-widget-button\" data-id=\"0b85783\" data-element_type=\"widget\" data-e-type=\"widget\" data-settings=\"{&quot;_animation&quot;:&quot;opal-move-up&quot;}\" data-widget_type=\"button.default\">\n\t\t\t\t<div class=\"elementor-widget-container\">\n\t\t\t\t\t        <div class=\"elementor-button-wrapper\">\n            <a href=\"https:\/\/www.pogrebne-storitve-babajic.si\/de\/kontakt\/\" class=\"elementor-button-link elementor-button elementor-size-md\" role=\"button\">\n                        <span class=\"elementor-button-content-wrapper\">\n\t\t\t            <span class=\"elementor-button-text\">KONTAKT<\/span>\n\t\t<\/span>\n                    <\/a>\n        <\/div>\n        \t\t\t\t<\/div>\n\t\t\t\t<\/div>\n\t\t\t\t\t<\/div>\n\t\t<\/div>\n\t\t\t\t\t<\/div>\n\t\t<\/section>\n\t\t\t\t\t<\/div>\n\t\t<\/div>\n\t\t\t\t<div class=\"elementor-column elementor-col-50 elementor-top-column elementor-element elementor-element-591f64f\" data-id=\"591f64f\" data-element_type=\"column\" data-e-type=\"column\">\n\t\t\t<div class=\"elementor-widget-wrap\">\n\t\t\t\t\t\t\t<\/div>\n\t\t<\/div>\n\t\t\t\t\t<\/div>\n\t\t<\/section>\n\t\t\t\t<section class=\"elementor-section elementor-top-section elementor-element elementor-element-c4e8b62 elementor-section-content-middle elementor-reverse-mobile elementor-section-boxed elementor-section-height-default elementor-section-height-default\" data-id=\"c4e8b62\" data-element_type=\"section\" data-e-type=\"section\">\n\t\t\t\t\t\t<div class=\"elementor-container elementor-column-gap-default\">\n\t\t\t\t\t<div class=\"elementor-column elementor-col-50 elementor-top-column elementor-element elementor-element-8343960\" data-id=\"8343960\" data-element_type=\"column\" data-e-type=\"column\">\n\t\t\t<div class=\"elementor-widget-wrap elementor-element-populated\">\n\t\t\t\t\t\t<section class=\"elementor-section elementor-inner-section elementor-element elementor-element-0191928 elementor-section-boxed elementor-section-height-default elementor-section-height-default\" data-id=\"0191928\" data-element_type=\"section\" data-e-type=\"section\">\n\t\t\t\t\t\t<div class=\"elementor-container elementor-column-gap-default\">\n\t\t\t\t\t<div class=\"elementor-column elementor-col-50 elementor-inner-column elementor-element elementor-element-44200f8\" data-id=\"44200f8\" data-element_type=\"column\" data-e-type=\"column\">\n\t\t\t<div class=\"elementor-widget-wrap elementor-element-populated\">\n\t\t\t\t\t\t<div class=\"elementor-element elementor-element-cdba971 elementor-widget elementor-widget-image\" data-id=\"cdba971\" data-element_type=\"widget\" data-e-type=\"widget\" data-widget_type=\"image.default\">\n\t\t\t\t<div class=\"elementor-widget-container\">\n\t\t\t\t\t\t\t\t\t\t\t\t\t\t\t<img decoding=\"async\" width=\"201\" height=\"201\" src=\"https:\/\/www.pogrebne-storitve-babajic.si\/wp-content\/uploads\/2021\/06\/babajic-pogrebne-storitve-ikona-10.png\" class=\"attachment-large size-large wp-image-6102\" alt=\"\" srcset=\"https:\/\/www.pogrebne-storitve-babajic.si\/wp-content\/uploads\/2021\/06\/babajic-pogrebne-storitve-ikona-10.png 201w, https:\/\/www.pogrebne-storitve-babajic.si\/wp-content\/uploads\/2021\/06\/babajic-pogrebne-storitve-ikona-10-150x150.png 150w, https:\/\/www.pogrebne-storitve-babajic.si\/wp-content\/uploads\/2021\/06\/babajic-pogrebne-storitve-ikona-10-100x100.png 100w\" sizes=\"(max-width: 201px) 100vw, 201px\" \/>\t\t\t\t\t\t\t\t\t\t\t\t\t\t\t<\/div>\n\t\t\t\t<\/div>\n\t\t\t\t\t<\/div>\n\t\t<\/div>\n\t\t\t\t<div class=\"elementor-column elementor-col-50 elementor-inner-column elementor-element elementor-element-eeaf74c\" data-id=\"eeaf74c\" data-element_type=\"column\" data-e-type=\"column\">\n\t\t\t<div class=\"elementor-widget-wrap elementor-element-populated\">\n\t\t\t\t\t\t<div class=\"elementor-element elementor-element-877d474 animated-fast elementor-invisible elementor-widget elementor-widget-heading\" data-id=\"877d474\" data-element_type=\"widget\" data-e-type=\"widget\" data-settings=\"{&quot;_animation&quot;:&quot;opal-move-up&quot;}\" data-widget_type=\"heading.default\">\n\t\t\t\t<div class=\"elementor-widget-container\">\n\t\t\t\t\t<h2 class=\"elementor-heading-title elementor-size-default\">Bestattungszubeh\u00f6r inkludiert<\/h2>\t\t\t\t<\/div>\n\t\t\t\t<\/div>\n\t\t\t\t\t<\/div>\n\t\t<\/div>\n\t\t\t\t\t<\/div>\n\t\t<\/section>\n\t\t\t\t<div class=\"elementor-element elementor-element-b38621b elementor-widget elementor-widget-text-editor\" data-id=\"b38621b\" data-element_type=\"widget\" data-e-type=\"widget\" data-widget_type=\"text-editor.default\">\n\t\t\t\t<div class=\"elementor-widget-container\">\n\t\t\t\t\t        <div class=\"elementor-text-editor elementor-clearfix\"><p>Bestattungszubeh\u00f6r inkludiert auch verschieden Klassen, gem\u00e4\u00df dem Preis und Qualit\u00e4t, von einfachen, klassischen Ausf\u00fchrungen bis zu Einzelst\u00fccken, zur Erarbeitung dessen gro\u00dfe Erfahrung und Handarbeit erforderlich ist. Wir k\u00f6nnen uns immer den individuellen Anspr\u00fcchen der Kunden anpassen.<\/p><\/div>\n        \t\t\t\t<\/div>\n\t\t\t\t<\/div>\n\t\t\t\t<div class=\"elementor-element elementor-element-954e333 elementor-widget elementor-widget-icon-list\" data-id=\"954e333\" data-element_type=\"widget\" data-e-type=\"widget\" data-widget_type=\"icon-list.default\">\n\t\t\t\t<div class=\"elementor-widget-container\">\n\t\t\t\t\t        <ul class=\"elementor-icon-list-items\">\n                            <li class=\"elementor-icon-list-item\" >\n                    <a href=\"tel:+386031600877\">                        <span class=\"elementor-icon-list-icon\">\n\t\t\t\t\t\t\t<i class=\"fa fa-check\" aria-hidden=\"true\"><\/i>\n\t\t\t\t\t\t<\/span>\n                                        <span class=\"elementor-icon-list-text\">Rufen Sie uns an <strong>+386 (0)31 600 877<\/strong><\/span>\n                                            <\/a>\n                                    <\/li>\n                    <\/ul>\n        \t\t\t\t<\/div>\n\t\t\t\t<\/div>\n\t\t\t\t\t<\/div>\n\t\t<\/div>\n\t\t\t\t<div class=\"elementor-column elementor-col-50 elementor-top-column elementor-element elementor-element-ee7d6b4\" data-id=\"ee7d6b4\" data-element_type=\"column\" data-e-type=\"column\">\n\t\t\t<div class=\"elementor-widget-wrap elementor-element-populated\">\n\t\t\t\t\t\t<div class=\"elementor-element elementor-element-13a9cd4 elementor-invisible elementor-widget elementor-widget-image\" data-id=\"13a9cd4\" data-element_type=\"widget\" data-e-type=\"widget\" data-settings=\"{&quot;_animation&quot;:&quot;slideInRight&quot;}\" loading=\"lazy\" data-widget_type=\"image.default\">\n\t\t\t\t<div class=\"elementor-widget-container\">\n\t\t\t\t\t\t\t\t\t\t\t\t\t\t\t<img decoding=\"async\" width=\"600\" height=\"800\" src=\"https:\/\/www.pogrebne-storitve-babajic.si\/wp-content\/uploads\/2021\/07\/pogrebne-storitve-babajic-kremacija-opepelitev-lesena-zara.jpg\" class=\"attachment-full size-full wp-image-6216\" alt=\"\" srcset=\"https:\/\/www.pogrebne-storitve-babajic.si\/wp-content\/uploads\/2021\/07\/pogrebne-storitve-babajic-kremacija-opepelitev-lesena-zara.jpg 600w, https:\/\/www.pogrebne-storitve-babajic.si\/wp-content\/uploads\/2021\/07\/pogrebne-storitve-babajic-kremacija-opepelitev-lesena-zara-225x300.jpg 225w, https:\/\/www.pogrebne-storitve-babajic.si\/wp-content\/uploads\/2021\/07\/pogrebne-storitve-babajic-kremacija-opepelitev-lesena-zara-400x533.jpg 400w\" sizes=\"(max-width: 600px) 100vw, 600px\" \/>\t\t\t\t\t\t\t\t\t\t\t\t\t\t\t<\/div>\n\t\t\t\t<\/div>\n\t\t\t\t\t<\/div>\n\t\t<\/div>\n\t\t\t\t\t<\/div>\n\t\t<\/section>\n\t\t\t\t<section class=\"elementor-section elementor-top-section elementor-element elementor-element-71f1b574 elementor-section-stretched elementor-section-boxed elementor-section-height-default elementor-section-height-default\" data-id=\"71f1b574\" data-element_type=\"section\" data-e-type=\"section\" data-settings=\"{&quot;stretch_section&quot;:&quot;section-stretched&quot;,&quot;background_background&quot;:&quot;classic&quot;}\">\n\t\t\t\t\t\t\t<div class=\"elementor-background-overlay\"><\/div>\n\t\t\t\t\t\t\t<div class=\"elementor-container elementor-column-gap-no\">\n\t\t\t\t\t<div class=\"elementor-column elementor-col-50 elementor-top-column elementor-element elementor-element-388cb764 animated-fast elementor-invisible\" data-id=\"388cb764\" data-element_type=\"column\" data-e-type=\"column\" data-settings=\"{&quot;background_background&quot;:&quot;classic&quot;,&quot;animation&quot;:&quot;opal-move-up&quot;}\">\n\t\t\t<div class=\"elementor-widget-wrap elementor-element-populated\">\n\t\t\t\t\t\t<div class=\"elementor-element elementor-element-375cfff4 animated-fast elementor-invisible elementor-widget elementor-widget-text-editor\" data-id=\"375cfff4\" data-element_type=\"widget\" data-e-type=\"widget\" data-settings=\"{&quot;_animation&quot;:&quot;opal-move-up&quot;}\" data-widget_type=\"text-editor.default\">\n\t\t\t\t<div class=\"elementor-widget-container\">\n\t\t\t\t\t        <div class=\"elementor-text-editor elementor-clearfix\">ANRUF<\/div>\n        \t\t\t\t<\/div>\n\t\t\t\t<\/div>\n\t\t\t\t<div class=\"elementor-element elementor-element-4d4fa9a6 elementor-widget elementor-widget-heading\" data-id=\"4d4fa9a6\" data-element_type=\"widget\" data-e-type=\"widget\" data-widget_type=\"heading.default\">\n\t\t\t\t<div class=\"elementor-widget-container\">\n\t\t\t\t\t<h3 class=\"elementor-heading-title elementor-size-default\">+386 (0)31 600 877<\/h3>\t\t\t\t<\/div>\n\t\t\t\t<\/div>\n\t\t\t\t<div class=\"elementor-element elementor-element-5c8fd913 animated-fast elementor-invisible elementor-widget elementor-widget-text-editor\" data-id=\"5c8fd913\" data-element_type=\"widget\" data-e-type=\"widget\" data-settings=\"{&quot;_animation&quot;:&quot;opal-move-up&quot;}\" data-widget_type=\"text-editor.default\">\n\t\t\t\t<div class=\"elementor-widget-container\">\n\t\t\t\t\t        <div class=\"elementor-text-editor elementor-clearfix\">&#8230; ODER F\u00dcLLEN SIE DAS FOLGENDE FORMULAR AUS:<\/div>\n        \t\t\t\t<\/div>\n\t\t\t\t<\/div>\n\t\t\t\t<div class=\"elementor-element elementor-element-28f42605 elementor-widget elementor-widget-shortcode\" data-id=\"28f42605\" data-element_type=\"widget\" data-e-type=\"widget\" data-widget_type=\"shortcode.default\">\n\t\t\t\t<div class=\"elementor-widget-container\">\n\t\t\t\t\t\t\t<div class=\"elementor-shortcode\"><div class=\"wpforms-container wpforms-container-full\" id=\"wpforms-6790\"><form id=\"wpforms-form-6790\" class=\"wpforms-validate wpforms-form\" data-formid=\"6790\" method=\"post\" enctype=\"multipart\/form-data\" action=\"\/de\/wp-json\/wp\/v2\/pages\/6912\" data-token=\"36bf7cfab3dd2a0be1d14f1ade5df10a\" data-token-time=\"1778997953\"><noscript class=\"wpforms-error-noscript\">Bitte aktiviere JavaScript in deinem Browser, um dieses Formular fertigzustellen.<\/noscript><div class=\"wpforms-field-container\"><div id=\"wpforms-6790-field_2-container\" class=\"wpforms-field wpforms-field-text\" data-field-id=\"2\"><input type=\"text\" id=\"wpforms-6790-field_2\" class=\"wpforms-field-large\" name=\"wpforms[fields][2]\" placeholder=\"IHREN NAMEN:\" ><\/div><div id=\"wpforms-6790-field_3-container\" class=\"wpforms-field wpforms-field-email\" data-field-id=\"3\"><input type=\"email\" id=\"wpforms-6790-field_3\" class=\"wpforms-field-large\" name=\"wpforms[fields][3]\" placeholder=\"DEINE E-MAIL:\" spellcheck=\"false\" ><\/div><div id=\"wpforms-6790-field_4-container\" class=\"wpforms-field wpforms-field-text\" data-field-id=\"4\"><input type=\"text\" id=\"wpforms-6790-field_4\" class=\"wpforms-field-large\" name=\"wpforms[fields][4]\" placeholder=\"NACHRICHT:\" ><\/div><\/div><!-- .wpforms-field-container --><div class=\"wpforms-field wpforms-field-hp\"><label for=\"wpforms-6790-field-hp\" class=\"wpforms-field-label\">Name<\/label><input type=\"text\" name=\"wpforms[hp]\" id=\"wpforms-6790-field-hp\" class=\"wpforms-field-medium\"><\/div><div class=\"wpforms-submit-container\" ><input type=\"hidden\" name=\"wpforms[id]\" value=\"6790\"><input type=\"hidden\" name=\"page_title\" value=\"\"><input type=\"hidden\" name=\"page_url\" value=\"https:\/\/www.pogrebne-storitve-babajic.si\/de\/wp-json\/wp\/v2\/pages\/6912\"><button type=\"submit\" name=\"wpforms[submit]\" id=\"wpforms-submit-6790\" class=\"wpforms-submit\" data-alt-text=\"Senden...\" data-submit-text=\"NACHRICHT SENDEN\" aria-live=\"assertive\" value=\"wpforms-submit\">NACHRICHT SENDEN<\/button><\/div><\/form><\/div>  <!-- .wpforms-container --><\/div>\n\t\t\t\t\t\t<\/div>\n\t\t\t\t<\/div>\n\t\t\t\t\t<\/div>\n\t\t<\/div>\n\t\t\t\t<div class=\"elementor-column elementor-col-50 elementor-top-column elementor-element elementor-element-428fb52e\" data-id=\"428fb52e\" data-element_type=\"column\" data-e-type=\"column\">\n\t\t\t<div class=\"elementor-widget-wrap\">\n\t\t\t\t\t\t\t<\/div>\n\t\t<\/div>\n\t\t\t\t\t<\/div>\n\t\t<\/section>\n\t\t\t\t<\/div>\n\t\t","protected":false},"excerpt":{"rendered":"<p>Bestattungszubeh\u00f6r Angeboten wird eine gro\u00dfe Auswahl am Bestattungszubeh\u00f6r f\u00fcr Erd- oder Feuerbestattung S\u00e4rge Urnen Denkm\u00e4ler Trauerbuch Sterbew\u00e4sche Deckengarnituren Schatullen aus Messing Blecheinlagen Dekorationsstoff KONTAKT Bestattungszubeh\u00f6r inkludiert Bestattungszubeh\u00f6r inkludiert auch verschieden Klassen, gem\u00e4\u00df dem Preis und Qualit\u00e4t, von einfachen, klassischen Ausf\u00fchrungen bis zu Einzelst\u00fccken, zur Erarbeitung dessen gro\u00dfe Erfahrung und Handarbeit erforderlich ist. Wir k\u00f6nnen uns &hellip; <\/p>\n<p class=\"link-more\"><a href=\"https:\/\/www.pogrebne-storitve-babajic.si\/de\/bestattungsdienste\/bestattungszubehoer\/\" class=\"more-link\">Read More <span class=\"screen-reader-text\"> &#8222;Bestattungszubeh\u00f6r&#8220;<\/span><\/a><\/p>\n","protected":false},"author":3,"featured_media":0,"parent":6799,"menu_order":3,"comment_status":"closed","ping_status":"closed","template":"page-elementor.php","meta":{"inline_featured_image":false,"footnotes":""},"class_list":["post-6912","page","type-page","status-publish","hentry"],"_links":{"self":[{"href":"https:\/\/www.pogrebne-storitve-babajic.si\/de\/wp-json\/wp\/v2\/pages\/6912","targetHints":{"allow":["GET"]}}],"collection":[{"href":"https:\/\/www.pogrebne-storitve-babajic.si\/de\/wp-json\/wp\/v2\/pages"}],"about":[{"href":"https:\/\/www.pogrebne-storitve-babajic.si\/de\/wp-json\/wp\/v2\/types\/page"}],"author":[{"embeddable":true,"href":"https:\/\/www.pogrebne-storitve-babajic.si\/de\/wp-json\/wp\/v2\/users\/3"}],"replies":[{"embeddable":true,"href":"https:\/\/www.pogrebne-storitve-babajic.si\/de\/wp-json\/wp\/v2\/comments?post=6912"}],"version-history":[{"count":10,"href":"https:\/\/www.pogrebne-storitve-babajic.si\/de\/wp-json\/wp\/v2\/pages\/6912\/revisions"}],"predecessor-version":[{"id":7941,"href":"https:\/\/www.pogrebne-storitve-babajic.si\/de\/wp-json\/wp\/v2\/pages\/6912\/revisions\/7941"}],"up":[{"embeddable":true,"href":"https:\/\/www.pogrebne-storitve-babajic.si\/de\/wp-json\/wp\/v2\/pages\/6799"}],"wp:attachment":[{"href":"https:\/\/www.pogrebne-storitve-babajic.si\/de\/wp-json\/wp\/v2\/media?parent=6912"}],"curies":[{"name":"wp","href":"https:\/\/api.w.org\/{rel}","templated":true}]}}