{"id":6929,"date":"2019-04-17T12:32:04","date_gmt":"2019-04-17T12:32:04","guid":{"rendered":"https:\/\/www.pogrebne-storitve-babajic.si\/bestattungsdienste\/exhumierung\/"},"modified":"2026-03-05T12:37:57","modified_gmt":"2026-03-05T12:37:57","slug":"exhumierung","status":"publish","type":"page","link":"https:\/\/www.pogrebne-storitve-babajic.si\/de\/bestattungsdienste\/exhumierung\/","title":{"rendered":"Exhumierung"},"content":{"rendered":"\t\t<div data-elementor-type=\"wp-post\" data-elementor-id=\"6929\" class=\"elementor elementor-6929 elementor-3897\" data-elementor-post-type=\"page\">\n\t\t\t\t\t\t<section class=\"elementor-section elementor-top-section elementor-element elementor-element-8d2a7fb elementor-section-content-middle elementor-reverse-mobile elementor-section-boxed elementor-section-height-default elementor-section-height-default\" data-id=\"8d2a7fb\" data-element_type=\"section\" data-e-type=\"section\">\n\t\t\t\t\t\t<div class=\"elementor-container elementor-column-gap-default\">\n\t\t\t\t\t<div class=\"elementor-column elementor-col-50 elementor-top-column elementor-element elementor-element-9ad4e28\" data-id=\"9ad4e28\" data-element_type=\"column\" data-e-type=\"column\">\n\t\t\t<div class=\"elementor-widget-wrap elementor-element-populated\">\n\t\t\t\t\t\t<section class=\"elementor-section elementor-inner-section elementor-element elementor-element-87bd612 elementor-section-boxed elementor-section-height-default elementor-section-height-default\" data-id=\"87bd612\" data-element_type=\"section\" data-e-type=\"section\">\n\t\t\t\t\t\t<div class=\"elementor-container elementor-column-gap-default\">\n\t\t\t\t\t<div class=\"elementor-column elementor-col-50 elementor-inner-column elementor-element elementor-element-3f2b044\" data-id=\"3f2b044\" data-element_type=\"column\" data-e-type=\"column\">\n\t\t\t<div class=\"elementor-widget-wrap elementor-element-populated\">\n\t\t\t\t\t\t<div class=\"elementor-element elementor-element-2b4eaf2 elementor-widget elementor-widget-image\" data-id=\"2b4eaf2\" data-element_type=\"widget\" data-e-type=\"widget\" data-widget_type=\"image.default\">\n\t\t\t\t<div class=\"elementor-widget-container\">\n\t\t\t\t\t\t\t\t\t\t\t\t\t\t\t<img decoding=\"async\" width=\"201\" height=\"201\" src=\"https:\/\/www.pogrebne-storitve-babajic.si\/wp-content\/uploads\/2021\/06\/babajic-pogrebne-storitve-ikona-12.png\" class=\"attachment-large size-large wp-image-6114\" alt=\"\" srcset=\"https:\/\/www.pogrebne-storitve-babajic.si\/wp-content\/uploads\/2021\/06\/babajic-pogrebne-storitve-ikona-12.png 201w, https:\/\/www.pogrebne-storitve-babajic.si\/wp-content\/uploads\/2021\/06\/babajic-pogrebne-storitve-ikona-12-150x150.png 150w, https:\/\/www.pogrebne-storitve-babajic.si\/wp-content\/uploads\/2021\/06\/babajic-pogrebne-storitve-ikona-12-100x100.png 100w\" sizes=\"(max-width: 201px) 100vw, 201px\" \/>\t\t\t\t\t\t\t\t\t\t\t\t\t\t\t<\/div>\n\t\t\t\t<\/div>\n\t\t\t\t\t<\/div>\n\t\t<\/div>\n\t\t\t\t<div class=\"elementor-column elementor-col-50 elementor-inner-column elementor-element elementor-element-97c67d0\" data-id=\"97c67d0\" data-element_type=\"column\" data-e-type=\"column\">\n\t\t\t<div class=\"elementor-widget-wrap elementor-element-populated\">\n\t\t\t\t\t\t<div class=\"elementor-element elementor-element-49f399e animated-fast elementor-invisible elementor-widget elementor-widget-heading\" data-id=\"49f399e\" data-element_type=\"widget\" data-e-type=\"widget\" data-settings=\"{&quot;_animation&quot;:&quot;opal-move-up&quot;}\" data-widget_type=\"heading.default\">\n\t\t\t\t<div class=\"elementor-widget-container\">\n\t\t\t\t\t<h2 class=\"elementor-heading-title elementor-size-default\">Exhumierung oder \u00dcbertragung der verstorbenen Person<\/h2>\t\t\t\t<\/div>\n\t\t\t\t<\/div>\n\t\t\t\t\t<\/div>\n\t\t<\/div>\n\t\t\t\t\t<\/div>\n\t\t<\/section>\n\t\t\t\t<div class=\"elementor-element elementor-element-e8ed886 elementor-widget elementor-widget-text-editor\" data-id=\"e8ed886\" data-element_type=\"widget\" data-e-type=\"widget\" data-widget_type=\"text-editor.default\">\n\t\t\t\t<div class=\"elementor-widget-container\">\n\t\t\t\t\t        <div class=\"elementor-text-editor elementor-clearfix\"><p>Exhumierung ist das Ausgraben der schon begrabenen Leiche. Dies findet auf Antrag und Zustimmung der Familienmitglieder der verstorbenen Person statt sowie auf Bewilligung der Gemeinde, in der sich der Friedhof befindet.<\/p><p>Exhumierung ist das Ausgraben der sterblichen \u00dcberreste. Sie wird ausgef\u00fchrt auf Antrag und Zustimmung der Familienmitglieder der verstorbenen Person und auf Bewilligung der Gemeinde, in der sich der Friedhof befindet.<\/p><p>Das Bestattungsunternehmen Babaji\u0107 stell einen Antrag auf Exhumierung bei der zust\u00e4ndigen Beh\u00f6rde. Falls der Antrag bewilligt wird, wird die zust\u00e4ndige Beh\u00f6rde einen Beschluss ausstellen aufgrund dessen die Exhumierung stattfinden wird. Bei der Exhumierung von sterblichen \u00dcberresten ist immer ein Sanit\u00e4tsinspektor anwesend. Nach der Exhumierung sorgen wir f\u00fcr die \u00dcberf\u00fchrung von sterblichen \u00dcberresten.<\/p><\/div>\n        \t\t\t\t<\/div>\n\t\t\t\t<\/div>\n\t\t\t\t<div class=\"elementor-element elementor-element-73fae08 elementor-hidden-desktop elementor-hidden-tablet elementor-hidden-mobile elementor-event-type-toggle elementor-widget elementor-widget-toggle\" data-id=\"73fae08\" data-element_type=\"widget\" data-e-type=\"widget\" data-widget_type=\"toggle.default\">\n\t\t\t\t<div class=\"elementor-widget-container\">\n\t\t\t\t\t\t\t<div class=\"elementor-toggle\" role=\"tablist\">\n\t\t\t\t\t\t\t<div class=\"elementor-toggle-item\">\n\t\t\t\t\t<div id=\"elementor-tab-title-1211\" class=\"elementor-tab-title\" tabindex=\"1211\" data-tab=\"1\" role=\"tab\" aria-controls=\"elementor-tab-content-1211\">\n\t\t\t\t\t\t\t\t\t\t\t\t<span class=\"elementor-toggle-icon elementor-toggle-icon-left\" aria-hidden=\"true\">\n\t\t\t\t\t\t\t<i class=\"elementor-toggle-icon-closed fa fa-plus-circle\"><\/i>\n\t\t\t\t\t\t\t<i class=\"elementor-toggle-icon-opened fa fa-minus-circle\"><\/i>\n\t\t\t\t\t\t<\/span>\n\t\t\t\t\t\t\t\t\t\t\t\tPREBERI VE\u010c\t\t\t\t\t<\/div>\n\t\t\t\t\t<div id=\"elementor-tab-content-1211\" class=\"elementor-tab-content elementor-clearfix\" data-tab=\"1\" role=\"tabpanel\" aria-labelledby=\"elementor-tab-title-1211\"><p>Za vas vodimo celoten postopek urejanja dokumentacije za izkop pokojnika, pridobimo vsa potrebna dovoljenja in naro\u010dimo izkop. Po kon\u010dani ekshumaciji opravimo \u0161e prevoz pokojne osebe in ostankov na \u017eeljeno lokacijo.<\/p><\/div>\n\t\t\t\t<\/div>\n\t\t\t\t\t<\/div>\n\t\t\t\t\t\t<\/div>\n\t\t\t\t<\/div>\n\t\t\t\t\t<\/div>\n\t\t<\/div>\n\t\t\t\t<div class=\"elementor-column elementor-col-50 elementor-top-column elementor-element elementor-element-0a7a24c\" data-id=\"0a7a24c\" data-element_type=\"column\" data-e-type=\"column\">\n\t\t\t<div class=\"elementor-widget-wrap elementor-element-populated\">\n\t\t\t\t\t\t<div class=\"elementor-element elementor-element-abb9782 elementor-invisible elementor-widget elementor-widget-image\" data-id=\"abb9782\" data-element_type=\"widget\" data-e-type=\"widget\" data-settings=\"{&quot;_animation&quot;:&quot;slideInRight&quot;}\" loading=\"lazy\" data-widget_type=\"image.default\">\n\t\t\t\t<div class=\"elementor-widget-container\">\n\t\t\t\t\t\t\t\t\t\t\t\t\t\t\t<img fetchpriority=\"high\" decoding=\"async\" width=\"600\" height=\"800\" src=\"https:\/\/www.pogrebne-storitve-babajic.si\/wp-content\/uploads\/2021\/07\/pogrebne-storitve-babajic-kremacija-opepelitev-podstran-5.jpg\" class=\"attachment-full size-full wp-image-6232\" alt=\"\" srcset=\"https:\/\/www.pogrebne-storitve-babajic.si\/wp-content\/uploads\/2021\/07\/pogrebne-storitve-babajic-kremacija-opepelitev-podstran-5.jpg 600w, https:\/\/www.pogrebne-storitve-babajic.si\/wp-content\/uploads\/2021\/07\/pogrebne-storitve-babajic-kremacija-opepelitev-podstran-5-225x300.jpg 225w, https:\/\/www.pogrebne-storitve-babajic.si\/wp-content\/uploads\/2021\/07\/pogrebne-storitve-babajic-kremacija-opepelitev-podstran-5-400x533.jpg 400w\" sizes=\"(max-width: 600px) 100vw, 600px\" \/>\t\t\t\t\t\t\t\t\t\t\t\t\t\t\t<\/div>\n\t\t\t\t<\/div>\n\t\t\t\t\t<\/div>\n\t\t<\/div>\n\t\t\t\t\t<\/div>\n\t\t<\/section>\n\t\t\t\t<section class=\"elementor-section elementor-top-section elementor-element elementor-element-b293add elementor-section-stretched elementor-section-boxed elementor-section-height-default elementor-section-height-default\" data-id=\"b293add\" data-element_type=\"section\" data-e-type=\"section\" data-settings=\"{&quot;stretch_section&quot;:&quot;section-stretched&quot;,&quot;background_background&quot;:&quot;classic&quot;}\">\n\t\t\t\t\t\t<div class=\"elementor-container elementor-column-gap-no\">\n\t\t\t\t\t<div class=\"elementor-column elementor-col-50 elementor-top-column elementor-element elementor-element-5bef0ff\" data-id=\"5bef0ff\" data-element_type=\"column\" data-e-type=\"column\" data-settings=\"{&quot;background_background&quot;:&quot;classic&quot;}\">\n\t\t\t<div class=\"elementor-widget-wrap elementor-element-populated\">\n\t\t\t\t\t\t<section class=\"elementor-section elementor-inner-section elementor-element elementor-element-10b881f elementor-section-boxed elementor-section-height-default elementor-section-height-default\" data-id=\"10b881f\" data-element_type=\"section\" data-e-type=\"section\">\n\t\t\t\t\t\t<div class=\"elementor-container elementor-column-gap-no\">\n\t\t\t\t\t<div class=\"elementor-column elementor-col-100 elementor-inner-column elementor-element elementor-element-a440abd\" data-id=\"a440abd\" data-element_type=\"column\" data-e-type=\"column\">\n\t\t\t<div class=\"elementor-widget-wrap elementor-element-populated\">\n\t\t\t\t\t\t<div class=\"elementor-element elementor-element-a7e26c2 animated-fast elementor-invisible elementor-widget elementor-widget-heading\" data-id=\"a7e26c2\" data-element_type=\"widget\" data-e-type=\"widget\" data-settings=\"{&quot;_animation&quot;:&quot;opal-move-up&quot;}\" data-widget_type=\"heading.default\">\n\t\t\t\t<div class=\"elementor-widget-container\">\n\t\t\t\t\t<h2 class=\"elementor-heading-title elementor-size-default\">In welchen F\u00e4llen ist Exhumierung gestattet?<\/h2>\t\t\t\t<\/div>\n\t\t\t\t<\/div>\n\t\t\t\t<div class=\"elementor-element elementor-element-b0d31d3 elementor-widget elementor-widget-icon-list\" data-id=\"b0d31d3\" data-element_type=\"widget\" data-e-type=\"widget\" data-widget_type=\"icon-list.default\">\n\t\t\t\t<div class=\"elementor-widget-container\">\n\t\t\t\t\t        <ul class=\"elementor-icon-list-items\">\n                            <li class=\"elementor-icon-list-item\" >\n                                            <span class=\"elementor-icon-list-icon\">\n\t\t\t\t\t\t\t<i class=\"fa fa-check\" aria-hidden=\"true\"><\/i>\n\t\t\t\t\t\t<\/span>\n                                        <span class=\"elementor-icon-list-text\">falls die Person unter verd\u00e4chtigen Umst\u00e4nden gestorben ist, und deswegen eine erneute polizeiliche und gerichtlich Untersuchung n\u00f6tig ist;<\/span>\n                                    <\/li>\n                            <li class=\"elementor-icon-list-item\" >\n                                            <span class=\"elementor-icon-list-icon\">\n\t\t\t\t\t\t\t<i class=\"fa fa-check\" aria-hidden=\"true\"><\/i>\n\t\t\t\t\t\t<\/span>\n                                        <span class=\"elementor-icon-list-text\">falls die Person an einem nicht angebrachten Ort begraben wurde und es ist der Wunsch der Familie, die verstorbene Person an einen neuen Ort zu \u00fcbertragen;<\/span>\n                                    <\/li>\n                            <li class=\"elementor-icon-list-item\" >\n                                            <span class=\"elementor-icon-list-icon\">\n\t\t\t\t\t\t\t<i class=\"fa fa-check\" aria-hidden=\"true\"><\/i>\n\t\t\t\t\t\t<\/span>\n                                        <span class=\"elementor-icon-list-text\">falls eine arch\u00e4ologische Untersuchung erlassen wurde mit dem Ziel des besseren Verst\u00e4ndnisses der menschlichen Kultur und Geschichte;<\/span>\n                                    <\/li>\n                            <li class=\"elementor-icon-list-item\" >\n                                            <span class=\"elementor-icon-list-icon\">\n\t\t\t\t\t\t\t<i class=\"fa fa-check\" aria-hidden=\"true\"><\/i>\n\t\t\t\t\t\t<\/span>\n                                        <span class=\"elementor-icon-list-text\">falls die Grabe wegen Neubau verlegt werden m\u00fcssen.<\/span>\n                                    <\/li>\n                    <\/ul>\n        \t\t\t\t<\/div>\n\t\t\t\t<\/div>\n\t\t\t\t\t<\/div>\n\t\t<\/div>\n\t\t\t\t\t<\/div>\n\t\t<\/section>\n\t\t\t\t\t<\/div>\n\t\t<\/div>\n\t\t\t\t<div class=\"elementor-column elementor-col-50 elementor-top-column elementor-element elementor-element-6a3efe8\" data-id=\"6a3efe8\" data-element_type=\"column\" data-e-type=\"column\">\n\t\t\t<div class=\"elementor-widget-wrap\">\n\t\t\t\t\t\t\t<\/div>\n\t\t<\/div>\n\t\t\t\t\t<\/div>\n\t\t<\/section>\n\t\t\t\t<section class=\"elementor-section elementor-top-section elementor-element elementor-element-2083424e elementor-section-stretched elementor-section-boxed elementor-section-height-default elementor-section-height-default\" data-id=\"2083424e\" data-element_type=\"section\" data-e-type=\"section\" data-settings=\"{&quot;stretch_section&quot;:&quot;section-stretched&quot;,&quot;background_background&quot;:&quot;classic&quot;}\">\n\t\t\t\t\t\t\t<div class=\"elementor-background-overlay\"><\/div>\n\t\t\t\t\t\t\t<div class=\"elementor-container elementor-column-gap-no\">\n\t\t\t\t\t<div class=\"elementor-column elementor-col-50 elementor-top-column elementor-element elementor-element-70acbcef animated-fast elementor-invisible\" data-id=\"70acbcef\" data-element_type=\"column\" data-e-type=\"column\" data-settings=\"{&quot;background_background&quot;:&quot;classic&quot;,&quot;animation&quot;:&quot;opal-move-up&quot;}\">\n\t\t\t<div class=\"elementor-widget-wrap elementor-element-populated\">\n\t\t\t\t\t\t<div class=\"elementor-element elementor-element-796c4e32 animated-fast elementor-invisible elementor-widget elementor-widget-text-editor\" data-id=\"796c4e32\" data-element_type=\"widget\" data-e-type=\"widget\" data-settings=\"{&quot;_animation&quot;:&quot;opal-move-up&quot;}\" data-widget_type=\"text-editor.default\">\n\t\t\t\t<div class=\"elementor-widget-container\">\n\t\t\t\t\t        <div class=\"elementor-text-editor elementor-clearfix\">ANRUF<\/div>\n        \t\t\t\t<\/div>\n\t\t\t\t<\/div>\n\t\t\t\t<div class=\"elementor-element elementor-element-27f5351e elementor-widget elementor-widget-heading\" data-id=\"27f5351e\" data-element_type=\"widget\" data-e-type=\"widget\" data-widget_type=\"heading.default\">\n\t\t\t\t<div class=\"elementor-widget-container\">\n\t\t\t\t\t<h3 class=\"elementor-heading-title elementor-size-default\">+386 (0)31 600 877<\/h3>\t\t\t\t<\/div>\n\t\t\t\t<\/div>\n\t\t\t\t<div class=\"elementor-element elementor-element-1b29fc39 animated-fast elementor-invisible elementor-widget elementor-widget-text-editor\" data-id=\"1b29fc39\" data-element_type=\"widget\" data-e-type=\"widget\" data-settings=\"{&quot;_animation&quot;:&quot;opal-move-up&quot;}\" data-widget_type=\"text-editor.default\">\n\t\t\t\t<div class=\"elementor-widget-container\">\n\t\t\t\t\t        <div class=\"elementor-text-editor elementor-clearfix\">&#8230; ODER F\u00dcLLEN SIE DAS FOLGENDE FORMULAR AUS:<\/div>\n        \t\t\t\t<\/div>\n\t\t\t\t<\/div>\n\t\t\t\t<div class=\"elementor-element elementor-element-231ca112 elementor-widget elementor-widget-shortcode\" data-id=\"231ca112\" data-element_type=\"widget\" data-e-type=\"widget\" data-widget_type=\"shortcode.default\">\n\t\t\t\t<div class=\"elementor-widget-container\">\n\t\t\t\t\t\t\t<div class=\"elementor-shortcode\"><div class=\"wpforms-container wpforms-container-full\" id=\"wpforms-6790\"><form id=\"wpforms-form-6790\" class=\"wpforms-validate wpforms-form\" data-formid=\"6790\" method=\"post\" enctype=\"multipart\/form-data\" action=\"\/de\/wp-json\/wp\/v2\/pages\/6929\" data-token=\"36bf7cfab3dd2a0be1d14f1ade5df10a\" data-token-time=\"1779001306\"><noscript class=\"wpforms-error-noscript\">Bitte aktiviere JavaScript in deinem Browser, um dieses Formular fertigzustellen.<\/noscript><div class=\"wpforms-field-container\"><div id=\"wpforms-6790-field_2-container\" class=\"wpforms-field wpforms-field-text\" data-field-id=\"2\"><input type=\"text\" id=\"wpforms-6790-field_2\" class=\"wpforms-field-large\" name=\"wpforms[fields][2]\" placeholder=\"IHREN NAMEN:\" ><\/div><div id=\"wpforms-6790-field_3-container\" class=\"wpforms-field wpforms-field-email\" data-field-id=\"3\"><input type=\"email\" id=\"wpforms-6790-field_3\" class=\"wpforms-field-large\" name=\"wpforms[fields][3]\" placeholder=\"DEINE E-MAIL:\" spellcheck=\"false\" ><\/div><div id=\"wpforms-6790-field_4-container\" class=\"wpforms-field wpforms-field-text\" data-field-id=\"4\"><input type=\"text\" id=\"wpforms-6790-field_4\" class=\"wpforms-field-large\" name=\"wpforms[fields][4]\" placeholder=\"NACHRICHT:\" ><\/div><\/div><!-- .wpforms-field-container --><div class=\"wpforms-field wpforms-field-hp\"><label for=\"wpforms-6790-field-hp\" class=\"wpforms-field-label\">Email<\/label><input type=\"text\" name=\"wpforms[hp]\" id=\"wpforms-6790-field-hp\" class=\"wpforms-field-medium\"><\/div><div class=\"wpforms-submit-container\" ><input type=\"hidden\" name=\"wpforms[id]\" value=\"6790\"><input type=\"hidden\" name=\"page_title\" value=\"\"><input type=\"hidden\" name=\"page_url\" value=\"https:\/\/www.pogrebne-storitve-babajic.si\/de\/wp-json\/wp\/v2\/pages\/6929\"><button type=\"submit\" name=\"wpforms[submit]\" id=\"wpforms-submit-6790\" class=\"wpforms-submit\" data-alt-text=\"Senden...\" data-submit-text=\"NACHRICHT SENDEN\" aria-live=\"assertive\" value=\"wpforms-submit\">NACHRICHT SENDEN<\/button><\/div><\/form><\/div>  <!-- .wpforms-container --><\/div>\n\t\t\t\t\t\t<\/div>\n\t\t\t\t<\/div>\n\t\t\t\t\t<\/div>\n\t\t<\/div>\n\t\t\t\t<div class=\"elementor-column elementor-col-50 elementor-top-column elementor-element elementor-element-2ddf419b\" data-id=\"2ddf419b\" data-element_type=\"column\" data-e-type=\"column\">\n\t\t\t<div class=\"elementor-widget-wrap\">\n\t\t\t\t\t\t\t<\/div>\n\t\t<\/div>\n\t\t\t\t\t<\/div>\n\t\t<\/section>\n\t\t\t\t<\/div>\n\t\t","protected":false},"excerpt":{"rendered":"<p>Exhumierung oder \u00dcbertragung der verstorbenen Person Exhumierung ist das Ausgraben der schon begrabenen Leiche. Dies findet auf Antrag und Zustimmung der Familienmitglieder der verstorbenen Person statt sowie auf Bewilligung der Gemeinde, in der sich der Friedhof befindet. Exhumierung ist das Ausgraben der sterblichen \u00dcberreste. Sie wird ausgef\u00fchrt auf Antrag und Zustimmung der Familienmitglieder der verstorbenen &hellip; <\/p>\n<p class=\"link-more\"><a href=\"https:\/\/www.pogrebne-storitve-babajic.si\/de\/bestattungsdienste\/exhumierung\/\" class=\"more-link\">Read More <span class=\"screen-reader-text\"> &#8222;Exhumierung&#8220;<\/span><\/a><\/p>\n","protected":false},"author":3,"featured_media":0,"parent":6799,"menu_order":5,"comment_status":"closed","ping_status":"closed","template":"page-elementor.php","meta":{"inline_featured_image":false,"footnotes":""},"class_list":["post-6929","page","type-page","status-publish","hentry"],"_links":{"self":[{"href":"https:\/\/www.pogrebne-storitve-babajic.si\/de\/wp-json\/wp\/v2\/pages\/6929","targetHints":{"allow":["GET"]}}],"collection":[{"href":"https:\/\/www.pogrebne-storitve-babajic.si\/de\/wp-json\/wp\/v2\/pages"}],"about":[{"href":"https:\/\/www.pogrebne-storitve-babajic.si\/de\/wp-json\/wp\/v2\/types\/page"}],"author":[{"embeddable":true,"href":"https:\/\/www.pogrebne-storitve-babajic.si\/de\/wp-json\/wp\/v2\/users\/3"}],"replies":[{"embeddable":true,"href":"https:\/\/www.pogrebne-storitve-babajic.si\/de\/wp-json\/wp\/v2\/comments?post=6929"}],"version-history":[{"count":10,"href":"https:\/\/www.pogrebne-storitve-babajic.si\/de\/wp-json\/wp\/v2\/pages\/6929\/revisions"}],"predecessor-version":[{"id":7950,"href":"https:\/\/www.pogrebne-storitve-babajic.si\/de\/wp-json\/wp\/v2\/pages\/6929\/revisions\/7950"}],"up":[{"embeddable":true,"href":"https:\/\/www.pogrebne-storitve-babajic.si\/de\/wp-json\/wp\/v2\/pages\/6799"}],"wp:attachment":[{"href":"https:\/\/www.pogrebne-storitve-babajic.si\/de\/wp-json\/wp\/v2\/media?parent=6929"}],"curies":[{"name":"wp","href":"https:\/\/api.w.org\/{rel}","templated":true}]}}