{"id":6937,"date":"2019-04-17T12:26:54","date_gmt":"2019-04-17T12:26:54","guid":{"rendered":"https:\/\/www.pogrebne-storitve-babajic.si\/bestattungsdienste\/feuerbestattung\/"},"modified":"2026-03-05T12:37:32","modified_gmt":"2026-03-05T12:37:32","slug":"feuerbestattung","status":"publish","type":"page","link":"https:\/\/www.pogrebne-storitve-babajic.si\/de\/bestattungsdienste\/feuerbestattung\/","title":{"rendered":"Feuerbestattung"},"content":{"rendered":"\t\t<div data-elementor-type=\"wp-post\" data-elementor-id=\"6937\" class=\"elementor elementor-6937 elementor-3890\" data-elementor-post-type=\"page\">\n\t\t\t\t\t\t<section class=\"elementor-section elementor-top-section elementor-element elementor-element-eb16989 elementor-section-content-middle elementor-reverse-mobile elementor-section-boxed elementor-section-height-default elementor-section-height-default\" data-id=\"eb16989\" data-element_type=\"section\" data-e-type=\"section\">\n\t\t\t\t\t\t<div class=\"elementor-container elementor-column-gap-default\">\n\t\t\t\t\t<div class=\"elementor-column elementor-col-50 elementor-top-column elementor-element elementor-element-e1992cc\" data-id=\"e1992cc\" data-element_type=\"column\" data-e-type=\"column\">\n\t\t\t<div class=\"elementor-widget-wrap elementor-element-populated\">\n\t\t\t\t\t\t<section class=\"elementor-section elementor-inner-section elementor-element elementor-element-9ff26f2 elementor-section-boxed elementor-section-height-default elementor-section-height-default\" data-id=\"9ff26f2\" data-element_type=\"section\" data-e-type=\"section\">\n\t\t\t\t\t\t<div class=\"elementor-container elementor-column-gap-default\">\n\t\t\t\t\t<div class=\"elementor-column elementor-col-50 elementor-inner-column elementor-element elementor-element-0df472e\" data-id=\"0df472e\" data-element_type=\"column\" data-e-type=\"column\">\n\t\t\t<div class=\"elementor-widget-wrap elementor-element-populated\">\n\t\t\t\t\t\t<div class=\"elementor-element elementor-element-9252fe2 elementor-widget elementor-widget-image\" data-id=\"9252fe2\" data-element_type=\"widget\" data-e-type=\"widget\" data-widget_type=\"image.default\">\n\t\t\t\t<div class=\"elementor-widget-container\">\n\t\t\t\t\t\t\t\t\t\t\t\t\t\t\t<img decoding=\"async\" width=\"201\" height=\"201\" src=\"https:\/\/www.pogrebne-storitve-babajic.si\/wp-content\/uploads\/2021\/06\/babajic-pogrebne-storitve-ikona-10-1.png\" class=\"attachment-large size-large wp-image-6184\" alt=\"\" srcset=\"https:\/\/www.pogrebne-storitve-babajic.si\/wp-content\/uploads\/2021\/06\/babajic-pogrebne-storitve-ikona-10-1.png 201w, https:\/\/www.pogrebne-storitve-babajic.si\/wp-content\/uploads\/2021\/06\/babajic-pogrebne-storitve-ikona-10-1-150x150.png 150w, https:\/\/www.pogrebne-storitve-babajic.si\/wp-content\/uploads\/2021\/06\/babajic-pogrebne-storitve-ikona-10-1-100x100.png 100w\" sizes=\"(max-width: 201px) 100vw, 201px\" \/>\t\t\t\t\t\t\t\t\t\t\t\t\t\t\t<\/div>\n\t\t\t\t<\/div>\n\t\t\t\t\t<\/div>\n\t\t<\/div>\n\t\t\t\t<div class=\"elementor-column elementor-col-50 elementor-inner-column elementor-element elementor-element-7b07ce0\" data-id=\"7b07ce0\" data-element_type=\"column\" data-e-type=\"column\">\n\t\t\t<div class=\"elementor-widget-wrap elementor-element-populated\">\n\t\t\t\t\t\t<div class=\"elementor-element elementor-element-5661377 animated-fast elementor-invisible elementor-widget elementor-widget-heading\" data-id=\"5661377\" data-element_type=\"widget\" data-e-type=\"widget\" data-settings=\"{&quot;_animation&quot;:&quot;opal-move-up&quot;}\" data-widget_type=\"heading.default\">\n\t\t\t\t<div class=\"elementor-widget-container\">\n\t\t\t\t\t<h2 class=\"elementor-heading-title elementor-size-default\">Feuerbestattung<\/h2>\t\t\t\t<\/div>\n\t\t\t\t<\/div>\n\t\t\t\t\t<\/div>\n\t\t<\/div>\n\t\t\t\t\t<\/div>\n\t\t<\/section>\n\t\t\t\t<div class=\"elementor-element elementor-element-7cd6c0a elementor-widget elementor-widget-text-editor\" data-id=\"7cd6c0a\" data-element_type=\"widget\" data-e-type=\"widget\" data-widget_type=\"text-editor.default\">\n\t\t\t\t<div class=\"elementor-widget-container\">\n\t\t\t\t\t        <div class=\"elementor-text-editor elementor-clearfix\"><p>Feuerbestattung darf erst 36 Stunden nach Tod ausgef\u00fchrt werden und zwar aufgrund einer Todesbescheinigung. Sie kann erst nach Feststellung der Todesursache durch Gerichtsmediziner, der dazu offiziell berechtigt ist, erfolgen. Feuerbestattung kann in Slowenien am Krematorium in Ljubljana und Maribor stattfinden.<\/p><\/div>\n        \t\t\t\t<\/div>\n\t\t\t\t<\/div>\n\t\t\t\t<div class=\"elementor-element elementor-element-56ce0c7 elementor-hidden-desktop elementor-hidden-tablet elementor-hidden-mobile elementor-event-type-toggle elementor-widget elementor-widget-toggle\" data-id=\"56ce0c7\" data-element_type=\"widget\" data-e-type=\"widget\" data-widget_type=\"toggle.default\">\n\t\t\t\t<div class=\"elementor-widget-container\">\n\t\t\t\t\t\t\t<div class=\"elementor-toggle\" role=\"tablist\">\n\t\t\t\t\t\t\t<div class=\"elementor-toggle-item\">\n\t\t\t\t\t<div id=\"elementor-tab-title-9101\" class=\"elementor-tab-title\" tabindex=\"9101\" data-tab=\"1\" role=\"tab\" aria-controls=\"elementor-tab-content-9101\">\n\t\t\t\t\t\t\t\t\t\t\t\t<span class=\"elementor-toggle-icon elementor-toggle-icon-left\" aria-hidden=\"true\">\n\t\t\t\t\t\t\t<i class=\"elementor-toggle-icon-closed fa fa-plus-circle\"><\/i>\n\t\t\t\t\t\t\t<i class=\"elementor-toggle-icon-opened fa fa-minus-circle\"><\/i>\n\t\t\t\t\t\t<\/span>\n\t\t\t\t\t\t\t\t\t\t\t\tPREBERI VE\u010c\t\t\t\t\t<\/div>\n\t\t\t\t\t<div id=\"elementor-tab-content-9101\" class=\"elementor-tab-content elementor-clearfix\" data-tab=\"1\" role=\"tabpanel\" aria-labelledby=\"elementor-tab-title-9101\"><p>V podjetju uredimo vso potrebno dokumentacijo in poskrbimo za prevoz pokojnika od kraja smrti do krematorija. Ko se upepelitev izvede, \u017earo prevzamemo in prepeljemo na izbrano pokopali\u0161\u010de oziroma drugo dogovorjeno mesto. Ob \u017eari predamo vse spremljajo\u010de dokumente (mrli\u0161ki list, zdravni\u0161ko poro\u010dilo o vzroku smrti, prijava smrti, osebni dokument umrlega).<\/p><\/div>\n\t\t\t\t<\/div>\n\t\t\t\t\t<\/div>\n\t\t\t\t\t\t<\/div>\n\t\t\t\t<\/div>\n\t\t\t\t\t<\/div>\n\t\t<\/div>\n\t\t\t\t<div class=\"elementor-column elementor-col-50 elementor-top-column elementor-element elementor-element-cd140da\" data-id=\"cd140da\" data-element_type=\"column\" data-e-type=\"column\">\n\t\t\t<div class=\"elementor-widget-wrap elementor-element-populated\">\n\t\t\t\t\t\t<div class=\"elementor-element elementor-element-146845f elementor-invisible elementor-widget elementor-widget-image\" data-id=\"146845f\" data-element_type=\"widget\" data-e-type=\"widget\" data-settings=\"{&quot;_animation&quot;:&quot;slideInRight&quot;}\" loading=\"lazy\" data-widget_type=\"image.default\">\n\t\t\t\t<div class=\"elementor-widget-container\">\n\t\t\t\t\t\t\t\t\t\t\t\t\t\t\t<img fetchpriority=\"high\" decoding=\"async\" width=\"600\" height=\"800\" src=\"https:\/\/www.pogrebne-storitve-babajic.si\/wp-content\/uploads\/2021\/07\/pogrebne-storitve-babajic-kremacija-opepelitev-podstran-1.jpg\" class=\"attachment-full size-full wp-image-6224\" alt=\"\" srcset=\"https:\/\/www.pogrebne-storitve-babajic.si\/wp-content\/uploads\/2021\/07\/pogrebne-storitve-babajic-kremacija-opepelitev-podstran-1.jpg 600w, https:\/\/www.pogrebne-storitve-babajic.si\/wp-content\/uploads\/2021\/07\/pogrebne-storitve-babajic-kremacija-opepelitev-podstran-1-225x300.jpg 225w, https:\/\/www.pogrebne-storitve-babajic.si\/wp-content\/uploads\/2021\/07\/pogrebne-storitve-babajic-kremacija-opepelitev-podstran-1-400x533.jpg 400w\" sizes=\"(max-width: 600px) 100vw, 600px\" \/>\t\t\t\t\t\t\t\t\t\t\t\t\t\t\t<\/div>\n\t\t\t\t<\/div>\n\t\t\t\t\t<\/div>\n\t\t<\/div>\n\t\t\t\t\t<\/div>\n\t\t<\/section>\n\t\t\t\t<section class=\"elementor-section elementor-top-section elementor-element elementor-element-2ebf918 elementor-section-boxed elementor-section-height-default elementor-section-height-default\" data-id=\"2ebf918\" data-element_type=\"section\" data-e-type=\"section\">\n\t\t\t\t\t\t<div class=\"elementor-container elementor-column-gap-default\">\n\t\t\t\t\t<div class=\"elementor-column elementor-col-100 elementor-top-column elementor-element elementor-element-4ce9c2f\" data-id=\"4ce9c2f\" data-element_type=\"column\" data-e-type=\"column\">\n\t\t\t<div class=\"elementor-widget-wrap elementor-element-populated\">\n\t\t\t\t\t\t<div class=\"elementor-element elementor-element-756b28d elementor-widget-divider--view-line elementor-widget elementor-widget-divider\" data-id=\"756b28d\" data-element_type=\"widget\" data-e-type=\"widget\" data-widget_type=\"divider.default\">\n\t\t\t\t<div class=\"elementor-widget-container\">\n\t\t\t\t\t\t\t<div class=\"elementor-divider\">\n\t\t\t<span class=\"elementor-divider-separator\">\n\t\t\t\t\t\t<\/span>\n\t\t<\/div>\n\t\t\t\t\t\t<\/div>\n\t\t\t\t<\/div>\n\t\t\t\t\t<\/div>\n\t\t<\/div>\n\t\t\t\t\t<\/div>\n\t\t<\/section>\n\t\t\t\t<section class=\"elementor-section elementor-top-section elementor-element elementor-element-7ca91c0 elementor-section-boxed elementor-section-height-default elementor-section-height-default\" data-id=\"7ca91c0\" data-element_type=\"section\" data-e-type=\"section\">\n\t\t\t\t\t\t<div class=\"elementor-container elementor-column-gap-default\">\n\t\t\t\t\t<div class=\"elementor-column elementor-col-50 elementor-top-column elementor-element elementor-element-a0185ba\" data-id=\"a0185ba\" data-element_type=\"column\" data-e-type=\"column\">\n\t\t\t<div class=\"elementor-widget-wrap elementor-element-populated\">\n\t\t\t\t\t\t<div class=\"elementor-element elementor-element-06fdc48 animated-fast elementor-invisible elementor-widget elementor-widget-heading\" data-id=\"06fdc48\" data-element_type=\"widget\" data-e-type=\"widget\" data-settings=\"{&quot;_animation&quot;:&quot;opal-move-up&quot;}\" data-widget_type=\"heading.default\">\n\t\t\t\t<div class=\"elementor-widget-container\">\n\t\t\t\t\t<h2 class=\"elementor-heading-title elementor-size-default\">Das Bestattungsunternehmen k\u00fcmmert sich um Folgendes:<\/h2>\t\t\t\t<\/div>\n\t\t\t\t<\/div>\n\t\t\t\t<div class=\"elementor-element elementor-element-56eead5 elementor-widget elementor-widget-icon-list\" data-id=\"56eead5\" data-element_type=\"widget\" data-e-type=\"widget\" data-widget_type=\"icon-list.default\">\n\t\t\t\t<div class=\"elementor-widget-container\">\n\t\t\t\t\t        <ul class=\"elementor-icon-list-items\">\n                            <li class=\"elementor-icon-list-item\" >\n                                            <span class=\"elementor-icon-list-icon\">\n\t\t\t\t\t\t\t<i class=\"fa fa-check\" aria-hidden=\"true\"><\/i>\n\t\t\t\t\t\t<\/span>\n                                        <span class=\"elementor-icon-list-text\">Erwerb von Dokumenten notwendig f\u00fcr die Feuerbestattung der verstorbenen Person; <\/span>\n                                    <\/li>\n                            <li class=\"elementor-icon-list-item\" >\n                                            <span class=\"elementor-icon-list-icon\">\n\t\t\t\t\t\t\t<i class=\"fa fa-check\" aria-hidden=\"true\"><\/i>\n\t\t\t\t\t\t<\/span>\n                                        <span class=\"elementor-icon-list-text\">\u00dcberf\u00fchrung der verstorbenen Person vom Sterbeort zum Krematorium; <\/span>\n                                    <\/li>\n                            <li class=\"elementor-icon-list-item\" >\n                                            <span class=\"elementor-icon-list-icon\">\n\t\t\t\t\t\t\t<i class=\"fa fa-check\" aria-hidden=\"true\"><\/i>\n\t\t\t\t\t\t<\/span>\n                                        <span class=\"elementor-icon-list-text\">Transport der Urne zum Friedhof oder anderen gew\u00fcnschten Ort. <\/span>\n                                    <\/li>\n                    <\/ul>\n        \t\t\t\t<\/div>\n\t\t\t\t<\/div>\n\t\t\t\t\t<\/div>\n\t\t<\/div>\n\t\t\t\t<div class=\"elementor-column elementor-col-50 elementor-top-column elementor-element elementor-element-66ab2ad\" data-id=\"66ab2ad\" data-element_type=\"column\" data-e-type=\"column\">\n\t\t\t<div class=\"elementor-widget-wrap elementor-element-populated\">\n\t\t\t\t\t\t<div class=\"elementor-element elementor-element-91f3a90 animated-fast elementor-invisible elementor-widget elementor-widget-heading\" data-id=\"91f3a90\" data-element_type=\"widget\" data-e-type=\"widget\" data-settings=\"{&quot;_animation&quot;:&quot;opal-move-up&quot;}\" data-widget_type=\"heading.default\">\n\t\t\t\t<div class=\"elementor-widget-container\">\n\t\t\t\t\t<h2 class=\"elementor-heading-title elementor-size-default\">Dokumente notwendig f\u00fcr die Feuerbestattung:<\/h2>\t\t\t\t<\/div>\n\t\t\t\t<\/div>\n\t\t\t\t<div class=\"elementor-element elementor-element-587a4d5 elementor-widget elementor-widget-icon-list\" data-id=\"587a4d5\" data-element_type=\"widget\" data-e-type=\"widget\" data-widget_type=\"icon-list.default\">\n\t\t\t\t<div class=\"elementor-widget-container\">\n\t\t\t\t\t        <ul class=\"elementor-icon-list-items\">\n                            <li class=\"elementor-icon-list-item\" >\n                                            <span class=\"elementor-icon-list-icon\">\n\t\t\t\t\t\t\t<i class=\"fa fa-check\" aria-hidden=\"true\"><\/i>\n\t\t\t\t\t\t<\/span>\n                                        <span class=\"elementor-icon-list-text\">Personalausweis oder ein anderes Dokument mit Lichtfoto zwecks Identifizierung der verstorbenen Person;<\/span>\n                                    <\/li>\n                            <li class=\"elementor-icon-list-item\" >\n                                            <span class=\"elementor-icon-list-icon\">\n\t\t\t\t\t\t\t<i class=\"fa fa-check\" aria-hidden=\"true\"><\/i>\n\t\t\t\t\t\t<\/span>\n                                        <span class=\"elementor-icon-list-text\">unterzeichnete Vollmacht. <\/span>\n                                    <\/li>\n                    <\/ul>\n        \t\t\t\t<\/div>\n\t\t\t\t<\/div>\n\t\t\t\t\t<\/div>\n\t\t<\/div>\n\t\t\t\t\t<\/div>\n\t\t<\/section>\n\t\t\t\t<section class=\"elementor-section elementor-top-section elementor-element elementor-element-3be1190b elementor-section-stretched elementor-section-boxed elementor-section-height-default elementor-section-height-default\" data-id=\"3be1190b\" data-element_type=\"section\" data-e-type=\"section\" data-settings=\"{&quot;stretch_section&quot;:&quot;section-stretched&quot;,&quot;background_background&quot;:&quot;classic&quot;}\">\n\t\t\t\t\t\t\t<div class=\"elementor-background-overlay\"><\/div>\n\t\t\t\t\t\t\t<div class=\"elementor-container elementor-column-gap-no\">\n\t\t\t\t\t<div class=\"elementor-column elementor-col-50 elementor-top-column elementor-element elementor-element-7ada8b40 animated-fast elementor-invisible\" data-id=\"7ada8b40\" data-element_type=\"column\" data-e-type=\"column\" data-settings=\"{&quot;background_background&quot;:&quot;classic&quot;,&quot;animation&quot;:&quot;opal-move-up&quot;}\">\n\t\t\t<div class=\"elementor-widget-wrap elementor-element-populated\">\n\t\t\t\t\t\t<div class=\"elementor-element elementor-element-7531d9d0 animated-fast elementor-invisible elementor-widget elementor-widget-text-editor\" data-id=\"7531d9d0\" data-element_type=\"widget\" data-e-type=\"widget\" data-settings=\"{&quot;_animation&quot;:&quot;opal-move-up&quot;}\" data-widget_type=\"text-editor.default\">\n\t\t\t\t<div class=\"elementor-widget-container\">\n\t\t\t\t\t        <div class=\"elementor-text-editor elementor-clearfix\">ANRUF<\/div>\n        \t\t\t\t<\/div>\n\t\t\t\t<\/div>\n\t\t\t\t<div class=\"elementor-element elementor-element-6955ec67 elementor-widget elementor-widget-heading\" data-id=\"6955ec67\" data-element_type=\"widget\" data-e-type=\"widget\" data-widget_type=\"heading.default\">\n\t\t\t\t<div class=\"elementor-widget-container\">\n\t\t\t\t\t<h3 class=\"elementor-heading-title elementor-size-default\">+386 (0)31 600 877<\/h3>\t\t\t\t<\/div>\n\t\t\t\t<\/div>\n\t\t\t\t<div class=\"elementor-element elementor-element-44fe7ce0 animated-fast elementor-invisible elementor-widget elementor-widget-text-editor\" data-id=\"44fe7ce0\" data-element_type=\"widget\" data-e-type=\"widget\" data-settings=\"{&quot;_animation&quot;:&quot;opal-move-up&quot;}\" data-widget_type=\"text-editor.default\">\n\t\t\t\t<div class=\"elementor-widget-container\">\n\t\t\t\t\t        <div class=\"elementor-text-editor elementor-clearfix\">&#8230; ODER F\u00dcLLEN SIE DAS FOLGENDE FORMULAR AUS:<\/div>\n        \t\t\t\t<\/div>\n\t\t\t\t<\/div>\n\t\t\t\t<div class=\"elementor-element elementor-element-120b9795 elementor-widget elementor-widget-shortcode\" data-id=\"120b9795\" data-element_type=\"widget\" data-e-type=\"widget\" data-widget_type=\"shortcode.default\">\n\t\t\t\t<div class=\"elementor-widget-container\">\n\t\t\t\t\t\t\t<div class=\"elementor-shortcode\"><div class=\"wpforms-container wpforms-container-full\" id=\"wpforms-6790\"><form id=\"wpforms-form-6790\" class=\"wpforms-validate wpforms-form\" data-formid=\"6790\" method=\"post\" enctype=\"multipart\/form-data\" action=\"\/de\/wp-json\/wp\/v2\/pages\/6937\" data-token=\"36bf7cfab3dd2a0be1d14f1ade5df10a\" data-token-time=\"1779001303\"><noscript class=\"wpforms-error-noscript\">Bitte aktiviere JavaScript in deinem Browser, um dieses Formular fertigzustellen.<\/noscript><div class=\"wpforms-field-container\"><div id=\"wpforms-6790-field_2-container\" class=\"wpforms-field wpforms-field-text\" data-field-id=\"2\"><input type=\"text\" id=\"wpforms-6790-field_2\" class=\"wpforms-field-large\" name=\"wpforms[fields][2]\" placeholder=\"IHREN NAMEN:\" ><\/div><div id=\"wpforms-6790-field_3-container\" class=\"wpforms-field wpforms-field-email\" data-field-id=\"3\"><input type=\"email\" id=\"wpforms-6790-field_3\" class=\"wpforms-field-large\" name=\"wpforms[fields][3]\" placeholder=\"DEINE E-MAIL:\" spellcheck=\"false\" ><\/div><div id=\"wpforms-6790-field_4-container\" class=\"wpforms-field wpforms-field-text\" data-field-id=\"4\"><input type=\"text\" id=\"wpforms-6790-field_4\" class=\"wpforms-field-large\" name=\"wpforms[fields][4]\" placeholder=\"NACHRICHT:\" ><\/div><\/div><!-- .wpforms-field-container --><div class=\"wpforms-field wpforms-field-hp\"><label for=\"wpforms-6790-field-hp\" class=\"wpforms-field-label\">Name<\/label><input type=\"text\" name=\"wpforms[hp]\" id=\"wpforms-6790-field-hp\" class=\"wpforms-field-medium\"><\/div><div class=\"wpforms-submit-container\" ><input type=\"hidden\" name=\"wpforms[id]\" value=\"6790\"><input type=\"hidden\" name=\"page_title\" value=\"\"><input type=\"hidden\" name=\"page_url\" value=\"https:\/\/www.pogrebne-storitve-babajic.si\/de\/wp-json\/wp\/v2\/pages\/6937\"><button type=\"submit\" name=\"wpforms[submit]\" id=\"wpforms-submit-6790\" class=\"wpforms-submit\" data-alt-text=\"Senden...\" data-submit-text=\"NACHRICHT SENDEN\" aria-live=\"assertive\" value=\"wpforms-submit\">NACHRICHT SENDEN<\/button><\/div><\/form><\/div>  <!-- .wpforms-container --><\/div>\n\t\t\t\t\t\t<\/div>\n\t\t\t\t<\/div>\n\t\t\t\t\t<\/div>\n\t\t<\/div>\n\t\t\t\t<div class=\"elementor-column elementor-col-50 elementor-top-column elementor-element elementor-element-5c49e39c\" data-id=\"5c49e39c\" data-element_type=\"column\" data-e-type=\"column\">\n\t\t\t<div class=\"elementor-widget-wrap\">\n\t\t\t\t\t\t\t<\/div>\n\t\t<\/div>\n\t\t\t\t\t<\/div>\n\t\t<\/section>\n\t\t\t\t<\/div>\n\t\t","protected":false},"excerpt":{"rendered":"<p>Feuerbestattung Feuerbestattung darf erst 36 Stunden nach Tod ausgef\u00fchrt werden und zwar aufgrund einer Todesbescheinigung. Sie kann erst nach Feststellung der Todesursache durch Gerichtsmediziner, der dazu offiziell berechtigt ist, erfolgen. Feuerbestattung kann in Slowenien am Krematorium in Ljubljana und Maribor stattfinden. PREBERI VE\u010c V podjetju uredimo vso potrebno dokumentacijo in poskrbimo za prevoz pokojnika od &hellip; <\/p>\n<p class=\"link-more\"><a href=\"https:\/\/www.pogrebne-storitve-babajic.si\/de\/bestattungsdienste\/feuerbestattung\/\" class=\"more-link\">Read More <span class=\"screen-reader-text\"> &#8222;Feuerbestattung&#8220;<\/span><\/a><\/p>\n","protected":false},"author":3,"featured_media":0,"parent":6799,"menu_order":4,"comment_status":"closed","ping_status":"closed","template":"page-elementor.php","meta":{"inline_featured_image":false,"footnotes":""},"class_list":["post-6937","page","type-page","status-publish","hentry"],"_links":{"self":[{"href":"https:\/\/www.pogrebne-storitve-babajic.si\/de\/wp-json\/wp\/v2\/pages\/6937","targetHints":{"allow":["GET"]}}],"collection":[{"href":"https:\/\/www.pogrebne-storitve-babajic.si\/de\/wp-json\/wp\/v2\/pages"}],"about":[{"href":"https:\/\/www.pogrebne-storitve-babajic.si\/de\/wp-json\/wp\/v2\/types\/page"}],"author":[{"embeddable":true,"href":"https:\/\/www.pogrebne-storitve-babajic.si\/de\/wp-json\/wp\/v2\/users\/3"}],"replies":[{"embeddable":true,"href":"https:\/\/www.pogrebne-storitve-babajic.si\/de\/wp-json\/wp\/v2\/comments?post=6937"}],"version-history":[{"count":10,"href":"https:\/\/www.pogrebne-storitve-babajic.si\/de\/wp-json\/wp\/v2\/pages\/6937\/revisions"}],"predecessor-version":[{"id":7947,"href":"https:\/\/www.pogrebne-storitve-babajic.si\/de\/wp-json\/wp\/v2\/pages\/6937\/revisions\/7947"}],"up":[{"embeddable":true,"href":"https:\/\/www.pogrebne-storitve-babajic.si\/de\/wp-json\/wp\/v2\/pages\/6799"}],"wp:attachment":[{"href":"https:\/\/www.pogrebne-storitve-babajic.si\/de\/wp-json\/wp\/v2\/media?parent=6937"}],"curies":[{"name":"wp","href":"https:\/\/api.w.org\/{rel}","templated":true}]}}