{"id":6964,"date":"2019-03-07T06:46:21","date_gmt":"2019-03-07T06:46:21","guid":{"rendered":"https:\/\/www.pogrebne-storitve-babajic.si\/kontakt\/"},"modified":"2026-03-05T12:39:19","modified_gmt":"2026-03-05T12:39:19","slug":"kontakt","status":"publish","type":"page","link":"https:\/\/www.pogrebne-storitve-babajic.si\/de\/kontakt\/","title":{"rendered":"Kontakt"},"content":{"rendered":"\t\t<div data-elementor-type=\"wp-post\" data-elementor-id=\"6964\" class=\"elementor elementor-6964 elementor-2532\" data-elementor-post-type=\"page\">\n\t\t\t\t\t\t<section class=\"elementor-section elementor-top-section elementor-element elementor-element-881a5bb elementor-section-content-middle elementor-reverse-mobile elementor-section-boxed elementor-section-height-default elementor-section-height-default\" data-id=\"881a5bb\" data-element_type=\"section\" data-e-type=\"section\">\n\t\t\t\t\t\t<div class=\"elementor-container elementor-column-gap-default\">\n\t\t\t\t\t<div class=\"elementor-column elementor-col-50 elementor-top-column elementor-element elementor-element-0d35f3d\" data-id=\"0d35f3d\" data-element_type=\"column\" data-e-type=\"column\">\n\t\t\t<div class=\"elementor-widget-wrap elementor-element-populated\">\n\t\t\t\t\t\t<div class=\"elementor-element elementor-element-b36f586 animated-fast elementor-hidden-phone elementor-invisible elementor-widget elementor-widget-text-editor\" data-id=\"b36f586\" data-element_type=\"widget\" data-e-type=\"widget\" data-settings=\"{&quot;_animation&quot;:&quot;opal-move-up&quot;}\" data-widget_type=\"text-editor.default\">\n\t\t\t\t<div class=\"elementor-widget-container\">\n\t\t\t\t\t        <div class=\"elementor-text-editor elementor-clearfix\"><p>UNSERE LANGJ\u00c4HRIGE ERFAHRUNG \u2013 IHRE UNTERST\u00dcTZUNG<\/p><\/div>\n        \t\t\t\t<\/div>\n\t\t\t\t<\/div>\n\t\t\t\t<div class=\"elementor-element elementor-element-761c119 animated-fast elementor-invisible elementor-widget elementor-widget-heading\" data-id=\"761c119\" data-element_type=\"widget\" data-e-type=\"widget\" data-settings=\"{&quot;_animation&quot;:&quot;opal-move-up&quot;}\" data-widget_type=\"heading.default\">\n\t\t\t\t<div class=\"elementor-widget-container\">\n\t\t\t\t\t<h2 class=\"elementor-heading-title elementor-size-default\">Bestattungsdienste\n<br \/> Schritt f\u00fcr Schritt<\/h2>\t\t\t\t<\/div>\n\t\t\t\t<\/div>\n\t\t\t\t<div class=\"elementor-element elementor-element-a93f28d animated-fast elementor-invisible elementor-widget elementor-widget-text-editor\" data-id=\"a93f28d\" data-element_type=\"widget\" data-e-type=\"widget\" data-settings=\"{&quot;_animation&quot;:&quot;opal-move-up&quot;}\" data-widget_type=\"text-editor.default\">\n\t\t\t\t<div class=\"elementor-widget-container\">\n\t\t\t\t\t        <div class=\"elementor-text-editor elementor-clearfix\"><p>JASMINA BABAJI\u010c, (Bevollm\u00e4chtigter)<\/p><\/div>\n        \t\t\t\t<\/div>\n\t\t\t\t<\/div>\n\t\t\t\t<div class=\"elementor-element elementor-element-007aa9b elementor-widget elementor-widget-text-editor\" data-id=\"007aa9b\" data-element_type=\"widget\" data-e-type=\"widget\" data-widget_type=\"text-editor.default\">\n\t\t\t\t<div class=\"elementor-widget-container\">\n\t\t\t\t\t        <div class=\"elementor-text-editor elementor-clearfix\"><p>GSM: <a href=\"tel:+38631600877\">+386 31 600 877<\/a><br \/>Fax: <a href=\"tel:+38638913041\">+386 3 891 30 41<\/a><br \/><strong><a href=\"mailto:info@pogrebne-storitve-babajic.si\"><u style=\"color: #000;\">info@pogrebne-storitve-babajic.si<\/u><\/a><\/strong><\/p><\/div>\n        \t\t\t\t<\/div>\n\t\t\t\t<\/div>\n\t\t\t\t<div class=\"elementor-element elementor-element-2dd54d0 elementor-widget-divider--view-line elementor-widget elementor-widget-divider\" data-id=\"2dd54d0\" data-element_type=\"widget\" data-e-type=\"widget\" data-widget_type=\"divider.default\">\n\t\t\t\t<div class=\"elementor-widget-container\">\n\t\t\t\t\t\t\t<div class=\"elementor-divider\">\n\t\t\t<span class=\"elementor-divider-separator\">\n\t\t\t\t\t\t<\/span>\n\t\t<\/div>\n\t\t\t\t\t\t<\/div>\n\t\t\t\t<\/div>\n\t\t\t\t<div class=\"elementor-element elementor-element-6b39a68 animated-fast elementor-invisible elementor-widget elementor-widget-text-editor\" data-id=\"6b39a68\" data-element_type=\"widget\" data-e-type=\"widget\" data-settings=\"{&quot;_animation&quot;:&quot;opal-move-up&quot;}\" data-widget_type=\"text-editor.default\">\n\t\t\t\t<div class=\"elementor-widget-container\">\n\t\t\t\t\t        <div class=\"elementor-text-editor elementor-clearfix\"><p>B\u00fcro<\/p><\/div>\n        \t\t\t\t<\/div>\n\t\t\t\t<\/div>\n\t\t\t\t<div class=\"elementor-element elementor-element-5b7b0a3 elementor-widget elementor-widget-text-editor\" data-id=\"5b7b0a3\" data-element_type=\"widget\" data-e-type=\"widget\" data-widget_type=\"text-editor.default\">\n\t\t\t\t<div class=\"elementor-widget-container\">\n\t\t\t\t\t        <div class=\"elementor-text-editor elementor-clearfix\"><p>Tel: <a href=\"tel:+38638913040\">+386 3 891 30 40<\/a><br \/>Fax: <a href=\"fax:+38638913041\">+386 3 891 30 41<\/a><br \/>GSM: <a href=\"tel:+386 41 639 293\">+386 41 639 293<\/a><br \/><strong>GSM: <a href=\"tel:+38631751888\">+386 31 751 888<\/a><\/strong><\/p><\/div>\n        \t\t\t\t<\/div>\n\t\t\t\t<\/div>\n\t\t\t\t<div class=\"elementor-element elementor-element-f91b639 elementor-widget-divider--view-line elementor-widget elementor-widget-divider\" data-id=\"f91b639\" data-element_type=\"widget\" data-e-type=\"widget\" data-widget_type=\"divider.default\">\n\t\t\t\t<div class=\"elementor-widget-container\">\n\t\t\t\t\t\t\t<div class=\"elementor-divider\">\n\t\t\t<span class=\"elementor-divider-separator\">\n\t\t\t\t\t\t<\/span>\n\t\t<\/div>\n\t\t\t\t\t\t<\/div>\n\t\t\t\t<\/div>\n\t\t\t\t<div class=\"elementor-element elementor-element-d02268e animated-fast elementor-invisible elementor-widget elementor-widget-text-editor\" data-id=\"d02268e\" data-element_type=\"widget\" data-e-type=\"widget\" data-settings=\"{&quot;_animation&quot;:&quot;opal-move-up&quot;}\" data-widget_type=\"text-editor.default\">\n\t\t\t\t<div class=\"elementor-widget-container\">\n\t\t\t\t\t        <div class=\"elementor-text-editor elementor-clearfix\"><p>ARBEITSZEIT<\/p><\/div>\n        \t\t\t\t<\/div>\n\t\t\t\t<\/div>\n\t\t\t\t<div class=\"elementor-element elementor-element-361d223 elementor-widget elementor-widget-text-editor\" data-id=\"361d223\" data-element_type=\"widget\" data-e-type=\"widget\" data-widget_type=\"text-editor.default\">\n\t\t\t\t<div class=\"elementor-widget-container\">\n\t\t\t\t\t        <div class=\"elementor-text-editor elementor-clearfix\"><p><strong>24-Stunden-Rufbereitschaft, 7 Tage die Woche, Hotline +386 31 600 877.<\/strong><br \/>Empfangsb\u00fcro: Montag &#8211; Freitag, 7.00 bis 15.00 Uhr<\/p><\/div>\n        \t\t\t\t<\/div>\n\t\t\t\t<\/div>\n\t\t\t\t<div class=\"elementor-element elementor-element-ea83c21 elementor-hidden-desktop elementor-hidden-tablet elementor-widget elementor-widget-image\" data-id=\"ea83c21\" data-element_type=\"widget\" data-e-type=\"widget\" data-widget_type=\"image.default\">\n\t\t\t\t<div class=\"elementor-widget-container\">\n\t\t\t\t\t\t\t\t\t\t\t\t\t\t\t<img decoding=\"async\" width=\"300\" height=\"87\" src=\"https:\/\/www.pogrebne-storitve-babajic.si\/wp-content\/uploads\/2021\/06\/babajic-pogrebne-storitve-podpis-2-300x87.png\" class=\"attachment-medium size-medium wp-image-6082\" alt=\"\" srcset=\"https:\/\/www.pogrebne-storitve-babajic.si\/wp-content\/uploads\/2021\/06\/babajic-pogrebne-storitve-podpis-2-300x87.png 300w, https:\/\/www.pogrebne-storitve-babajic.si\/wp-content\/uploads\/2021\/06\/babajic-pogrebne-storitve-podpis-2-400x117.png 400w, https:\/\/www.pogrebne-storitve-babajic.si\/wp-content\/uploads\/2021\/06\/babajic-pogrebne-storitve-podpis-2.png 508w\" sizes=\"(max-width: 300px) 100vw, 300px\" \/>\t\t\t\t\t\t\t\t\t\t\t\t\t\t\t<\/div>\n\t\t\t\t<\/div>\n\t\t\t\t<div class=\"elementor-element elementor-element-9603e49 elementor-align-justify animated-fast elementor-button-primary elementor-invisible elementor-widget elementor-widget-button\" data-id=\"9603e49\" data-element_type=\"widget\" data-e-type=\"widget\" data-settings=\"{&quot;_animation&quot;:&quot;opal-move-up&quot;}\" data-widget_type=\"button.default\">\n\t\t\t\t<div class=\"elementor-widget-container\">\n\t\t\t\t\t        <div class=\"elementor-button-wrapper\">\n            <a href=\"mailto:info@pogrebne-storitve-babajic.si\" class=\"elementor-button-link elementor-button elementor-size-md\" role=\"button\">\n                        <span class=\"elementor-button-content-wrapper\">\n\t\t\t            <span class=\"elementor-button-text\">E-mail senden<\/span>\n\t\t<\/span>\n                    <\/a>\n        <\/div>\n        \t\t\t\t<\/div>\n\t\t\t\t<\/div>\n\t\t\t\t\t<\/div>\n\t\t<\/div>\n\t\t\t\t<div class=\"elementor-column elementor-col-50 elementor-top-column elementor-element elementor-element-f3e08f1\" data-id=\"f3e08f1\" data-element_type=\"column\" data-e-type=\"column\">\n\t\t\t<div class=\"elementor-widget-wrap elementor-element-populated\">\n\t\t\t\t\t\t<div class=\"elementor-element elementor-element-7ac6a43 elementor-widget elementor-widget-image\" data-id=\"7ac6a43\" data-element_type=\"widget\" data-e-type=\"widget\" loading=\"lazy\" data-widget_type=\"image.default\">\n\t\t\t\t<div class=\"elementor-widget-container\">\n\t\t\t\t\t\t\t\t\t\t\t\t\t\t\t<img fetchpriority=\"high\" decoding=\"async\" width=\"600\" height=\"800\" src=\"https:\/\/www.pogrebne-storitve-babajic.si\/wp-content\/uploads\/2021\/06\/pogrebne-storitve-babajic-jasmina-babajic-direktor-podjetja.png\" class=\"attachment-full size-full wp-image-6084\" alt=\"\" srcset=\"https:\/\/www.pogrebne-storitve-babajic.si\/wp-content\/uploads\/2021\/06\/pogrebne-storitve-babajic-jasmina-babajic-direktor-podjetja.png 600w, https:\/\/www.pogrebne-storitve-babajic.si\/wp-content\/uploads\/2021\/06\/pogrebne-storitve-babajic-jasmina-babajic-direktor-podjetja-225x300.png 225w, https:\/\/www.pogrebne-storitve-babajic.si\/wp-content\/uploads\/2021\/06\/pogrebne-storitve-babajic-jasmina-babajic-direktor-podjetja-400x533.png 400w\" sizes=\"(max-width: 600px) 100vw, 600px\" \/>\t\t\t\t\t\t\t\t\t\t\t\t\t\t\t<\/div>\n\t\t\t\t<\/div>\n\t\t\t\t<section class=\"elementor-section elementor-inner-section elementor-element elementor-element-fa24fae elementor-hidden-phone elementor-section-boxed elementor-section-height-default elementor-section-height-default\" data-id=\"fa24fae\" data-element_type=\"section\" data-e-type=\"section\">\n\t\t\t\t\t\t<div class=\"elementor-container elementor-column-gap-default\">\n\t\t\t\t\t<div class=\"elementor-column elementor-col-100 elementor-inner-column elementor-element elementor-element-85840c0\" data-id=\"85840c0\" data-element_type=\"column\" data-e-type=\"column\" data-settings=\"{&quot;background_background&quot;:&quot;classic&quot;}\">\n\t\t\t<div class=\"elementor-widget-wrap elementor-element-populated\">\n\t\t\t\t\t\t<div class=\"elementor-element elementor-element-637c883 elementor-widget elementor-widget-image\" data-id=\"637c883\" data-element_type=\"widget\" data-e-type=\"widget\" data-widget_type=\"image.default\">\n\t\t\t\t<div class=\"elementor-widget-container\">\n\t\t\t\t\t\t\t\t\t\t\t\t\t\t\t<img decoding=\"async\" width=\"300\" height=\"87\" src=\"https:\/\/www.pogrebne-storitve-babajic.si\/wp-content\/uploads\/2021\/06\/babajic-pogrebne-storitve-podpis-2-300x87.png\" class=\"attachment-medium size-medium wp-image-6082\" alt=\"\" srcset=\"https:\/\/www.pogrebne-storitve-babajic.si\/wp-content\/uploads\/2021\/06\/babajic-pogrebne-storitve-podpis-2-300x87.png 300w, https:\/\/www.pogrebne-storitve-babajic.si\/wp-content\/uploads\/2021\/06\/babajic-pogrebne-storitve-podpis-2-400x117.png 400w, https:\/\/www.pogrebne-storitve-babajic.si\/wp-content\/uploads\/2021\/06\/babajic-pogrebne-storitve-podpis-2.png 508w\" sizes=\"(max-width: 300px) 100vw, 300px\" \/>\t\t\t\t\t\t\t\t\t\t\t\t\t\t\t<\/div>\n\t\t\t\t<\/div>\n\t\t\t\t\t<\/div>\n\t\t<\/div>\n\t\t\t\t\t<\/div>\n\t\t<\/section>\n\t\t\t\t\t<\/div>\n\t\t<\/div>\n\t\t\t\t\t<\/div>\n\t\t<\/section>\n\t\t\t\t<section class=\"elementor-section elementor-top-section elementor-element elementor-element-453f981 elementor-section-stretched elementor-section-boxed elementor-section-height-default elementor-section-height-default\" data-id=\"453f981\" data-element_type=\"section\" data-e-type=\"section\" data-settings=\"{&quot;stretch_section&quot;:&quot;section-stretched&quot;,&quot;background_background&quot;:&quot;classic&quot;}\">\n\t\t\t\t\t\t\t<div class=\"elementor-background-overlay\"><\/div>\n\t\t\t\t\t\t\t<div class=\"elementor-container elementor-column-gap-no\">\n\t\t\t\t\t<div class=\"elementor-column elementor-col-50 elementor-top-column elementor-element elementor-element-2d39e57d animated-fast elementor-invisible\" data-id=\"2d39e57d\" data-element_type=\"column\" data-e-type=\"column\" data-settings=\"{&quot;background_background&quot;:&quot;classic&quot;,&quot;animation&quot;:&quot;opal-move-up&quot;}\">\n\t\t\t<div class=\"elementor-widget-wrap elementor-element-populated\">\n\t\t\t\t\t\t<div class=\"elementor-element elementor-element-b8bce07 animated-fast elementor-invisible elementor-widget elementor-widget-text-editor\" data-id=\"b8bce07\" data-element_type=\"widget\" data-e-type=\"widget\" data-settings=\"{&quot;_animation&quot;:&quot;opal-move-up&quot;}\" data-widget_type=\"text-editor.default\">\n\t\t\t\t<div class=\"elementor-widget-container\">\n\t\t\t\t\t        <div class=\"elementor-text-editor elementor-clearfix\">ANRUF<\/div>\n        \t\t\t\t<\/div>\n\t\t\t\t<\/div>\n\t\t\t\t<div class=\"elementor-element elementor-element-2385ac50 elementor-widget elementor-widget-heading\" data-id=\"2385ac50\" data-element_type=\"widget\" data-e-type=\"widget\" data-widget_type=\"heading.default\">\n\t\t\t\t<div class=\"elementor-widget-container\">\n\t\t\t\t\t<h3 class=\"elementor-heading-title elementor-size-default\">+386 (0)31 600 877<\/h3>\t\t\t\t<\/div>\n\t\t\t\t<\/div>\n\t\t\t\t<div class=\"elementor-element elementor-element-b1e8dd animated-fast elementor-invisible elementor-widget elementor-widget-text-editor\" data-id=\"b1e8dd\" data-element_type=\"widget\" data-e-type=\"widget\" data-settings=\"{&quot;_animation&quot;:&quot;opal-move-up&quot;}\" data-widget_type=\"text-editor.default\">\n\t\t\t\t<div class=\"elementor-widget-container\">\n\t\t\t\t\t        <div class=\"elementor-text-editor elementor-clearfix\">&#8230; ODER F\u00dcLLEN SIE DAS FOLGENDE FORMULAR AUS:<\/div>\n        \t\t\t\t<\/div>\n\t\t\t\t<\/div>\n\t\t\t\t<div class=\"elementor-element elementor-element-531d0d3c elementor-widget elementor-widget-shortcode\" data-id=\"531d0d3c\" data-element_type=\"widget\" data-e-type=\"widget\" data-widget_type=\"shortcode.default\">\n\t\t\t\t<div class=\"elementor-widget-container\">\n\t\t\t\t\t\t\t<div class=\"elementor-shortcode\"><div class=\"wpforms-container wpforms-container-full\" id=\"wpforms-6790\"><form id=\"wpforms-form-6790\" class=\"wpforms-validate wpforms-form\" data-formid=\"6790\" method=\"post\" enctype=\"multipart\/form-data\" action=\"\/de\/wp-json\/wp\/v2\/pages\/6964\" data-token=\"36bf7cfab3dd2a0be1d14f1ade5df10a\" data-token-time=\"1779001271\"><noscript class=\"wpforms-error-noscript\">Bitte aktiviere JavaScript in deinem Browser, um dieses Formular fertigzustellen.<\/noscript><div class=\"wpforms-field-container\"><div id=\"wpforms-6790-field_2-container\" class=\"wpforms-field wpforms-field-text\" data-field-id=\"2\"><input type=\"text\" id=\"wpforms-6790-field_2\" class=\"wpforms-field-large\" name=\"wpforms[fields][2]\" placeholder=\"IHREN NAMEN:\" ><\/div><div id=\"wpforms-6790-field_3-container\" class=\"wpforms-field wpforms-field-email\" data-field-id=\"3\"><input type=\"email\" id=\"wpforms-6790-field_3\" class=\"wpforms-field-large\" name=\"wpforms[fields][3]\" placeholder=\"DEINE E-MAIL:\" spellcheck=\"false\" ><\/div><div id=\"wpforms-6790-field_4-container\" class=\"wpforms-field wpforms-field-text\" data-field-id=\"4\"><input type=\"text\" id=\"wpforms-6790-field_4\" class=\"wpforms-field-large\" name=\"wpforms[fields][4]\" placeholder=\"NACHRICHT:\" ><\/div><\/div><!-- .wpforms-field-container --><div class=\"wpforms-field wpforms-field-hp\"><label for=\"wpforms-6790-field-hp\" class=\"wpforms-field-label\">Message<\/label><input type=\"text\" name=\"wpforms[hp]\" id=\"wpforms-6790-field-hp\" class=\"wpforms-field-medium\"><\/div><div class=\"wpforms-submit-container\" ><input type=\"hidden\" name=\"wpforms[id]\" value=\"6790\"><input type=\"hidden\" name=\"page_title\" value=\"\"><input type=\"hidden\" name=\"page_url\" value=\"https:\/\/www.pogrebne-storitve-babajic.si\/de\/wp-json\/wp\/v2\/pages\/6964\"><button type=\"submit\" name=\"wpforms[submit]\" id=\"wpforms-submit-6790\" class=\"wpforms-submit\" data-alt-text=\"Senden...\" data-submit-text=\"NACHRICHT SENDEN\" aria-live=\"assertive\" value=\"wpforms-submit\">NACHRICHT SENDEN<\/button><\/div><\/form><\/div>  <!-- .wpforms-container --><\/div>\n\t\t\t\t\t\t<\/div>\n\t\t\t\t<\/div>\n\t\t\t\t\t<\/div>\n\t\t<\/div>\n\t\t\t\t<div class=\"elementor-column elementor-col-50 elementor-top-column elementor-element elementor-element-12e60f2f\" data-id=\"12e60f2f\" data-element_type=\"column\" data-e-type=\"column\">\n\t\t\t<div class=\"elementor-widget-wrap\">\n\t\t\t\t\t\t\t<\/div>\n\t\t<\/div>\n\t\t\t\t\t<\/div>\n\t\t<\/section>\n\t\t\t\t<\/div>\n\t\t","protected":false},"excerpt":{"rendered":"<p>UNSERE LANGJ\u00c4HRIGE ERFAHRUNG \u2013 IHRE UNTERST\u00dcTZUNG Bestattungsdienste Schritt f\u00fcr Schritt JASMINA BABAJI\u010c, (Bevollm\u00e4chtigter) GSM: +386 31 600 877Fax: +386 3 891 30 41info@pogrebne-storitve-babajic.si B\u00fcro Tel: +386 3 891 30 40Fax: +386 3 891 30 41GSM: +386 41 639 293GSM: +386 31 751 888 ARBEITSZEIT 24-Stunden-Rufbereitschaft, 7 Tage die Woche, Hotline +386 31 600 877.Empfangsb\u00fcro: Montag &hellip; <\/p>\n<p class=\"link-more\"><a href=\"https:\/\/www.pogrebne-storitve-babajic.si\/de\/kontakt\/\" class=\"more-link\">Read More <span class=\"screen-reader-text\"> &#8222;Kontakt&#8220;<\/span><\/a><\/p>\n","protected":false},"author":3,"featured_media":0,"parent":0,"menu_order":5,"comment_status":"closed","ping_status":"closed","template":"page-elementor.php","meta":{"inline_featured_image":false,"footnotes":""},"class_list":["post-6964","page","type-page","status-publish","hentry"],"_links":{"self":[{"href":"https:\/\/www.pogrebne-storitve-babajic.si\/de\/wp-json\/wp\/v2\/pages\/6964","targetHints":{"allow":["GET"]}}],"collection":[{"href":"https:\/\/www.pogrebne-storitve-babajic.si\/de\/wp-json\/wp\/v2\/pages"}],"about":[{"href":"https:\/\/www.pogrebne-storitve-babajic.si\/de\/wp-json\/wp\/v2\/types\/page"}],"author":[{"embeddable":true,"href":"https:\/\/www.pogrebne-storitve-babajic.si\/de\/wp-json\/wp\/v2\/users\/3"}],"replies":[{"embeddable":true,"href":"https:\/\/www.pogrebne-storitve-babajic.si\/de\/wp-json\/wp\/v2\/comments?post=6964"}],"version-history":[{"count":10,"href":"https:\/\/www.pogrebne-storitve-babajic.si\/de\/wp-json\/wp\/v2\/pages\/6964\/revisions"}],"predecessor-version":[{"id":7959,"href":"https:\/\/www.pogrebne-storitve-babajic.si\/de\/wp-json\/wp\/v2\/pages\/6964\/revisions\/7959"}],"wp:attachment":[{"href":"https:\/\/www.pogrebne-storitve-babajic.si\/de\/wp-json\/wp\/v2\/media?parent=6964"}],"curies":[{"name":"wp","href":"https:\/\/api.w.org\/{rel}","templated":true}]}}