{"id":6979,"date":"2022-08-30T07:31:32","date_gmt":"2022-08-30T07:31:32","guid":{"rendered":"https:\/\/www.pogrebne-storitve-babajic.si\/cookies\/"},"modified":"2025-02-21T08:20:26","modified_gmt":"2025-02-21T08:20:26","slug":"cookies","status":"publish","type":"page","link":"https:\/\/www.pogrebne-storitve-babajic.si\/de\/cookies\/","title":{"rendered":"Cookies"},"content":{"rendered":"\t\t<div data-elementor-type=\"wp-post\" data-elementor-id=\"6979\" class=\"elementor elementor-6979 elementor-6339\" data-elementor-post-type=\"page\">\n\t\t\t\t\t\t<section class=\"elementor-section elementor-top-section elementor-element elementor-element-881a5bb elementor-section-content-middle elementor-reverse-mobile elementor-section-boxed elementor-section-height-default elementor-section-height-default\" data-id=\"881a5bb\" data-element_type=\"section\" data-e-type=\"section\">\n\t\t\t\t\t\t<div class=\"elementor-container elementor-column-gap-default\">\n\t\t\t\t\t<div class=\"elementor-column elementor-col-66 elementor-top-column elementor-element elementor-element-0d35f3d\" data-id=\"0d35f3d\" data-element_type=\"column\" data-e-type=\"column\">\n\t\t\t<div class=\"elementor-widget-wrap elementor-element-populated\">\n\t\t\t\t\t\t<div class=\"elementor-element elementor-element-761c119 animated-fast elementor-invisible elementor-widget elementor-widget-heading\" data-id=\"761c119\" data-element_type=\"widget\" data-e-type=\"widget\" data-settings=\"{&quot;_animation&quot;:&quot;opal-move-up&quot;}\" data-widget_type=\"heading.default\">\n\t\t\t\t<div class=\"elementor-widget-container\">\n\t\t\t\t\t<h2 class=\"elementor-heading-title elementor-size-default\">Cookies<\/h2>\t\t\t\t<\/div>\n\t\t\t\t<\/div>\n\t\t\t\t<div class=\"elementor-element elementor-element-007aa9b elementor-widget elementor-widget-text-editor\" data-id=\"007aa9b\" data-element_type=\"widget\" data-e-type=\"widget\" data-widget_type=\"text-editor.default\">\n\t\t\t\t<div class=\"elementor-widget-container\">\n\t\t\t\t\t        <div class=\"elementor-text-editor elementor-clearfix\"><h2>Was sind Cookies?<\/h2>\n<p>Cookies sind kurze Textdateien, die sich beim Besuch einer Webseite auf den Computer des Benutzers \u00fcbertragen. Sie unterst\u00fctzen die Webseite bei der Ausf\u00fchrung einer besseren Benutzererfahrung und Verfolgung der Besucherstatistik. Cookies bleiben verschieden lange gespeichert; f\u00fcr die Zeit der Sitzung oder l\u00e4nger.<\/p>\n<h2>Welche Cookie-Arten werden auf den Webseiten verwendet?<\/h2>\n<p><strong>Auf unseren Webseiten k\u00f6nnen wir folgende Cookie-Arten verwenden:<\/strong><\/p>\n<p><strong>Eigene Cookies<\/strong>&nbsp;k\u00f6nnen f\u00fcr eine begrenzte Zeit, z. B. nur f\u00fcr die Dauer der Surf-Sitzung des Benutzers, aktiv sein und sind f\u00fcr den richtigen Ablauf bestimmter Applikationen bzw. Funktionen der Webseiten notwendig. L\u00e4nger anhaltende Cookies werden f\u00fcr die Speicherung und Verwendung der Informationen verwendet, wenn der Benutzer die Webseite das n\u00e4chste Mal besucht und f\u00fcr die Verfolgung des Besuches der Webseiten.<\/p>\n<p><strong>Andere Cookies<\/strong>&nbsp;werden von Partner-Webseiten gesendet. Pogrebne storitve Babaji\u0107 d. o. o., \u0160kale 98A, \u0160kale, 3320 Velenje, Slovenia, verwendet f\u00fcr die Verfolgung des Besuches und der Statistik das Webanalyse-Tool Google Analytics.<\/p>\n<p>F\u00fcr die Wiedergabe unserer Werbespots oder anderer Videoinhalte verwenden wir auf unseren Webseiten auch den Webdienst You Tube (Google Inc.). Das Cookie des Dienstes You Tube wird auf das Ger\u00e4t des Benutzers \u00fcbertragen erst nachdem ein Video gestartet wurde.<\/p>\n<h2>1.&nbsp;Eigene Cookies der Webseiten<\/h2>\n<table class=\"contenttable\">\n<thead>\n<tr>\n<th scope=\"col\">Name des Cookies<\/th>\n<th scope=\"col\">Zweck<\/th>\n<th scope=\"col\">Dauer des Cookies<\/th>\n<th scope=\"col\"><strong>Unternehmen<\/strong><\/th>\n<\/tr>\n<\/thead>\n<tbody>\n<tr>\n<td>PHPSESSID<\/td>\n<td>richtige Funktion der Webseite<\/td>\n<td>bis zur Schlie\u00dfung des Browsers<\/td>\n<td>Pogrebne storitve Babaji\u0107 d. o. o., \u0160kale 98A, \u0160kale, 3320 Velenje, Slovenia<\/td>\n<\/tr>\n<\/tbody>\n<\/table>\n<h2>2.&nbsp;Cookies anderer Webseiten\/Dienste<\/h2>\n<table class=\"contenttable\">\n<thead>\n<tr>\n<th scope=\"col\">Name des Cookies<\/th>\n<th scope=\"col\">Zweck<\/th>\n<th scope=\"col\">Dauer des Cookies<\/th>\n<th scope=\"col\">Unternehmen<\/th>\n<\/tr>\n<\/thead>\n<tbody>\n<tr>\n<td>_ga<\/td>\n<td>Besucherstatistik der Webseite<\/td>\n<td>2 Jahre<\/td>\n<td>Google Inc.<\/td>\n<\/tr>\n<tr>\n<td>_gat<\/td>\n<td>Besucherstatistik der Webseite<\/td>\n<td>10 Minuten<\/td>\n<td>Google Inc.<\/td>\n<\/tr>\n<tr>\n<td>_utma<\/td>\n<td>Besucherstatistik der Webseite<\/td>\n<td>2 Jahre<\/td>\n<td>Google Inc.<\/td>\n<\/tr>\n<tr>\n<td>_utmb<\/td>\n<td>Besucherstatistik der Webseite<\/td>\n<td>30 Minuten<\/td>\n<td>Google Inc.<\/td>\n<\/tr>\n<tr>\n<td>_utmc<\/td>\n<td>Besucherstatistik der Webseite<\/td>\n<td>bis zur Schlie\u00dfung des Browsers<\/td>\n<td>Google Inc.<\/td>\n<\/tr>\n<tr>\n<td rowspan=\"1\">_utmz<\/td>\n<td rowspan=\"1\">Besucherstatistik der Webseite<\/td>\n<td rowspan=\"1\">6 Monate<\/td>\n<td rowspan=\"1\">Google Inc.<\/td>\n<\/tr>\n<\/tbody>\n<\/table>\n\n<h2>Verwalter der Cookies auf den Webseiten<\/h2>\n<p><strong>Pogrebne storitve Babaji\u0107 d. o. o.,<\/strong><br>\u0160kale 98A, \u0160kale, <br>3320 Velenje, <br>Slovenia<\/p>\n<p><\/p><\/div>\n        \t\t\t\t<\/div>\n\t\t\t\t<\/div>\n\t\t\t\t\t<\/div>\n\t\t<\/div>\n\t\t\t\t<div class=\"elementor-column elementor-col-33 elementor-top-column elementor-element elementor-element-f3e08f1\" data-id=\"f3e08f1\" data-element_type=\"column\" data-e-type=\"column\">\n\t\t\t<div class=\"elementor-widget-wrap\">\n\t\t\t\t\t\t\t<\/div>\n\t\t<\/div>\n\t\t\t\t\t<\/div>\n\t\t<\/section>\n\t\t\t\t<section class=\"elementor-section elementor-top-section elementor-element elementor-element-1165ae4d elementor-section-stretched elementor-section-boxed elementor-section-height-default elementor-section-height-default\" data-id=\"1165ae4d\" data-element_type=\"section\" data-e-type=\"section\" data-settings=\"{&quot;stretch_section&quot;:&quot;section-stretched&quot;,&quot;background_background&quot;:&quot;classic&quot;}\">\n\t\t\t\t\t\t\t<div class=\"elementor-background-overlay\"><\/div>\n\t\t\t\t\t\t\t<div class=\"elementor-container elementor-column-gap-no\">\n\t\t\t\t\t<div class=\"elementor-column elementor-col-50 elementor-top-column elementor-element elementor-element-22284915 animated-fast elementor-invisible\" data-id=\"22284915\" data-element_type=\"column\" data-e-type=\"column\" data-settings=\"{&quot;background_background&quot;:&quot;classic&quot;,&quot;animation&quot;:&quot;opal-move-up&quot;}\">\n\t\t\t<div class=\"elementor-widget-wrap elementor-element-populated\">\n\t\t\t\t\t\t<div class=\"elementor-element elementor-element-4988c0cc animated-fast elementor-invisible elementor-widget elementor-widget-text-editor\" data-id=\"4988c0cc\" data-element_type=\"widget\" data-e-type=\"widget\" data-settings=\"{&quot;_animation&quot;:&quot;opal-move-up&quot;}\" data-widget_type=\"text-editor.default\">\n\t\t\t\t<div class=\"elementor-widget-container\">\n\t\t\t\t\t        <div class=\"elementor-text-editor elementor-clearfix\"><p>POKLI\u010cITE<\/p><\/div>\n        \t\t\t\t<\/div>\n\t\t\t\t<\/div>\n\t\t\t\t<div class=\"elementor-element elementor-element-44a1b54b elementor-widget elementor-widget-heading\" data-id=\"44a1b54b\" data-element_type=\"widget\" data-e-type=\"widget\" data-widget_type=\"heading.default\">\n\t\t\t\t<div class=\"elementor-widget-container\">\n\t\t\t\t\t<h3 class=\"elementor-heading-title elementor-size-default\">+386 (0)31 600 877<\/h3>\t\t\t\t<\/div>\n\t\t\t\t<\/div>\n\t\t\t\t<div class=\"elementor-element elementor-element-37f8827 animated-fast elementor-invisible elementor-widget elementor-widget-text-editor\" data-id=\"37f8827\" data-element_type=\"widget\" data-e-type=\"widget\" data-settings=\"{&quot;_animation&quot;:&quot;opal-move-up&quot;}\" data-widget_type=\"text-editor.default\">\n\t\t\t\t<div class=\"elementor-widget-container\">\n\t\t\t\t\t        <div class=\"elementor-text-editor elementor-clearfix\"><p>&#8230; ALI IZPOLNITE SPODNJI OBRAZEC:<\/p><\/div>\n        \t\t\t\t<\/div>\n\t\t\t\t<\/div>\n\t\t\t\t<div class=\"elementor-element elementor-element-3e558cbb elementor-widget elementor-widget-shortcode\" data-id=\"3e558cbb\" data-element_type=\"widget\" data-e-type=\"widget\" data-widget_type=\"shortcode.default\">\n\t\t\t\t<div class=\"elementor-widget-container\">\n\t\t\t\t\t\t\t<div class=\"elementor-shortcode\"><div class=\"wpforms-container wpforms-container-full\" id=\"wpforms-6790\"><form id=\"wpforms-form-6790\" class=\"wpforms-validate wpforms-form\" data-formid=\"6790\" method=\"post\" enctype=\"multipart\/form-data\" action=\"\/de\/wp-json\/wp\/v2\/pages\/6979\" data-token=\"36bf7cfab3dd2a0be1d14f1ade5df10a\" data-token-time=\"1779001272\"><noscript class=\"wpforms-error-noscript\">Bitte aktiviere JavaScript in deinem Browser, um dieses Formular fertigzustellen.<\/noscript><div class=\"wpforms-field-container\"><div id=\"wpforms-6790-field_2-container\" class=\"wpforms-field wpforms-field-text\" data-field-id=\"2\"><input type=\"text\" id=\"wpforms-6790-field_2\" class=\"wpforms-field-large\" name=\"wpforms[fields][2]\" placeholder=\"IHREN NAMEN:\" ><\/div><div id=\"wpforms-6790-field_3-container\" class=\"wpforms-field wpforms-field-email\" data-field-id=\"3\"><input type=\"email\" id=\"wpforms-6790-field_3\" class=\"wpforms-field-large\" name=\"wpforms[fields][3]\" placeholder=\"DEINE E-MAIL:\" spellcheck=\"false\" ><\/div><div id=\"wpforms-6790-field_4-container\" class=\"wpforms-field wpforms-field-text\" data-field-id=\"4\"><input type=\"text\" id=\"wpforms-6790-field_4\" class=\"wpforms-field-large\" name=\"wpforms[fields][4]\" placeholder=\"NACHRICHT:\" ><\/div><\/div><!-- .wpforms-field-container --><div class=\"wpforms-field wpforms-field-hp\"><label for=\"wpforms-6790-field-hp\" class=\"wpforms-field-label\">Message<\/label><input type=\"text\" name=\"wpforms[hp]\" id=\"wpforms-6790-field-hp\" class=\"wpforms-field-medium\"><\/div><div class=\"wpforms-submit-container\" ><input type=\"hidden\" name=\"wpforms[id]\" value=\"6790\"><input type=\"hidden\" name=\"page_title\" value=\"\"><input type=\"hidden\" name=\"page_url\" value=\"https:\/\/www.pogrebne-storitve-babajic.si\/de\/wp-json\/wp\/v2\/pages\/6979\"><button type=\"submit\" name=\"wpforms[submit]\" id=\"wpforms-submit-6790\" class=\"wpforms-submit\" data-alt-text=\"Senden...\" data-submit-text=\"NACHRICHT SENDEN\" aria-live=\"assertive\" value=\"wpforms-submit\">NACHRICHT SENDEN<\/button><\/div><\/form><\/div>  <!-- .wpforms-container --><\/div>\n\t\t\t\t\t\t<\/div>\n\t\t\t\t<\/div>\n\t\t\t\t\t<\/div>\n\t\t<\/div>\n\t\t\t\t<div class=\"elementor-column elementor-col-50 elementor-top-column elementor-element elementor-element-76fb54b2\" data-id=\"76fb54b2\" data-element_type=\"column\" data-e-type=\"column\">\n\t\t\t<div class=\"elementor-widget-wrap\">\n\t\t\t\t\t\t\t<\/div>\n\t\t<\/div>\n\t\t\t\t\t<\/div>\n\t\t<\/section>\n\t\t\t\t<\/div>\n\t\t","protected":false},"excerpt":{"rendered":"<p>Cookies Was sind Cookies? Cookies sind kurze Textdateien, die sich beim Besuch einer Webseite auf den Computer des Benutzers \u00fcbertragen. Sie unterst\u00fctzen die Webseite bei der Ausf\u00fchrung einer besseren Benutzererfahrung und Verfolgung der Besucherstatistik. Cookies bleiben verschieden lange gespeichert; f\u00fcr die Zeit der Sitzung oder l\u00e4nger. Welche Cookie-Arten werden auf den Webseiten verwendet? Auf unseren &hellip; <\/p>\n<p class=\"link-more\"><a href=\"https:\/\/www.pogrebne-storitve-babajic.si\/de\/cookies\/\" class=\"more-link\">Read More <span class=\"screen-reader-text\"> &#8222;Cookies&#8220;<\/span><\/a><\/p>\n","protected":false},"author":3,"featured_media":0,"parent":0,"menu_order":6,"comment_status":"closed","ping_status":"closed","template":"page-elementor.php","meta":{"inline_featured_image":false,"footnotes":""},"class_list":["post-6979","page","type-page","status-publish","hentry"],"_links":{"self":[{"href":"https:\/\/www.pogrebne-storitve-babajic.si\/de\/wp-json\/wp\/v2\/pages\/6979","targetHints":{"allow":["GET"]}}],"collection":[{"href":"https:\/\/www.pogrebne-storitve-babajic.si\/de\/wp-json\/wp\/v2\/pages"}],"about":[{"href":"https:\/\/www.pogrebne-storitve-babajic.si\/de\/wp-json\/wp\/v2\/types\/page"}],"author":[{"embeddable":true,"href":"https:\/\/www.pogrebne-storitve-babajic.si\/de\/wp-json\/wp\/v2\/users\/3"}],"replies":[{"embeddable":true,"href":"https:\/\/www.pogrebne-storitve-babajic.si\/de\/wp-json\/wp\/v2\/comments?post=6979"}],"version-history":[{"count":7,"href":"https:\/\/www.pogrebne-storitve-babajic.si\/de\/wp-json\/wp\/v2\/pages\/6979\/revisions"}],"predecessor-version":[{"id":7791,"href":"https:\/\/www.pogrebne-storitve-babajic.si\/de\/wp-json\/wp\/v2\/pages\/6979\/revisions\/7791"}],"wp:attachment":[{"href":"https:\/\/www.pogrebne-storitve-babajic.si\/de\/wp-json\/wp\/v2\/media?parent=6979"}],"curies":[{"name":"wp","href":"https:\/\/api.w.org\/{rel}","templated":true}]}}