{"id":6981,"date":"2022-08-30T07:44:10","date_gmt":"2022-08-30T07:44:10","guid":{"rendered":"https:\/\/www.pogrebne-storitve-babajic.si\/datenschutz-bestimmungen\/"},"modified":"2025-02-21T08:20:53","modified_gmt":"2025-02-21T08:20:53","slug":"datenschutz-bestimmungen","status":"publish","type":"page","link":"https:\/\/www.pogrebne-storitve-babajic.si\/de\/datenschutz-bestimmungen\/","title":{"rendered":"Datenschutz Bestimmungen"},"content":{"rendered":"\t\t<div data-elementor-type=\"wp-post\" data-elementor-id=\"6981\" class=\"elementor elementor-6981 elementor-6345\" data-elementor-post-type=\"page\">\n\t\t\t\t\t\t<section class=\"elementor-section elementor-top-section elementor-element elementor-element-881a5bb elementor-section-content-middle elementor-reverse-mobile elementor-section-boxed elementor-section-height-default elementor-section-height-default\" data-id=\"881a5bb\" data-element_type=\"section\" data-e-type=\"section\">\n\t\t\t\t\t\t<div class=\"elementor-container elementor-column-gap-default\">\n\t\t\t\t\t<div class=\"elementor-column elementor-col-66 elementor-top-column elementor-element elementor-element-0d35f3d\" data-id=\"0d35f3d\" data-element_type=\"column\" data-e-type=\"column\">\n\t\t\t<div class=\"elementor-widget-wrap elementor-element-populated\">\n\t\t\t\t\t\t<div class=\"elementor-element elementor-element-761c119 animated-fast elementor-invisible elementor-widget elementor-widget-heading\" data-id=\"761c119\" data-element_type=\"widget\" data-e-type=\"widget\" data-settings=\"{&quot;_animation&quot;:&quot;opal-move-up&quot;}\" data-widget_type=\"heading.default\">\n\t\t\t\t<div class=\"elementor-widget-container\">\n\t\t\t\t\t<h2 class=\"elementor-heading-title elementor-size-default\">Datenschutz Bestimmungen<\/h2>\t\t\t\t<\/div>\n\t\t\t\t<\/div>\n\t\t\t\t<div class=\"elementor-element elementor-element-007aa9b elementor-widget elementor-widget-text-editor\" data-id=\"007aa9b\" data-element_type=\"widget\" data-e-type=\"widget\" data-widget_type=\"text-editor.default\">\n\t\t\t\t<div class=\"elementor-widget-container\">\n\t\t\t\t\t        <div class=\"elementor-text-editor elementor-clearfix\"><h2>1. Allgemeines<\/h2>\n<p>Das Unternehmen BABAJI\u0106, d.o.o. , respektiert Ihr Recht auf Privatsph\u00e4re und strebt den h\u00f6chstm\u00f6glichen Schutz Ihrer personenbezogenen Daten an. Daher sind wir bei der Aus\u00fcbung unserer T\u00e4tigkeit verpflichtet, in \u00dcbereinstimmung mit den Gesetzen und Vorschriften zu handeln, die den Schutz personenbezogener Daten definieren, insbesondere in \u00dcbereinstimmung mit dem Gesetz zum Schutz personenbezogener Daten, dem Gesetz \u00fcber elektronische Kommunikation und der Allgemeinen Datenschutzverordnung der EU. Der Zweck dieser Erkl\u00e4rung zum Schutz personenbezogener Daten besteht darin, Sie dar\u00fcber zu informieren, f\u00fcr welche Zwecke Ihre personenbezogenen Daten erfasst und wie sie verwendet werden, und welche Rechte Sie in Bezug auf die von uns \u00fcber Sie gespeicherten Daten haben und wie Sie diese aus\u00fcben k\u00f6nnen.<\/p>\n<p>Das Unternehmen BABAJI\u0106, d.o.o. , verpflichtet sich, die gesammelten personenbezogenen Daten, die Sie zur Verf\u00fcgung stellen, in \u00dcbereinstimmung mit dieser Erkl\u00e4rung zum Schutz personenbezogener Daten zu verwenden, Ihre personenbezogenen Daten nicht an Dritte zu verkaufen, zu verleihen oder auf andere Weise an Dritte weiterzugeben, au\u00dfer in Ausnahmef\u00e4llen gesetzlich vorgeschrieben.<\/p>\n<h2>2. Datenverantwortlicher<\/h2>\n<p>Der Administrator Ihrer pers\u00f6nlichen Daten ist die Firma BABAJI\u0106, d.o.o. , <a href=\"mailto:info@pogrebne-storitve-babajic.si\">info@pogrebne-storitve-babajic.si<\/a>, <a href=\"tel:+38638913040\">+386 3 891 30 40<\/a>.<\/p>\n<p>Da uns Ihre Privatsph\u00e4re sehr wichtig ist, k\u00f6nnen Sie sich bei Fragen zur Verarbeitung Ihrer personenbezogenen Daten an uns wenden. Um die f\u00fcr den Schutz personenbezogener Daten autorisierte Person zu kontaktieren, schreiben Sie eine E-Mail an die Adresse<br>\n<a href=\"mailto:info@pogrebne-storitve-babajic.si\">info@pogrebne-storitve-babajic.si<\/a> oder rufen Sie <a href=\"tel:+38638913040\">+386 3 891 30 40<\/a> an.<\/p>\n<p>F\u00fcr alle Themen und Inhalte, die von der f\u00fcr den Datenschutz bevollm\u00e4chtigten Person besprochen werden, gilt strenge Vertraulichkeit.<\/p>\n<h2>3. Arten personenbezogener Daten<\/h2>\n<p>Zu den von uns verarbeiteten personenbezogenen Daten geh\u00f6ren:<\/p>\n<p>allgemeine Informationen \u00fcber Sie \u2013 wie Vor- und Nachname (einschlie\u00dflich Pr\u00e4fix oder Titel), Geschlecht, Alter und Geburtsdatum;<br>\nKontaktinformationen \u2013 wie Arbeitsadresse, E-Mail-Adresse, Arbeitstelefonnummer\/Faxnummer, pers\u00f6nliche Mobiltelefonnummer;<br>\nberufliche Informationen \u2013 wie z. B. Angaben zu Ihrer Ausbildung, akademischer Titel, berufliche Qualifikationen, Besch\u00e4ftigung\/Position\/Rolle, Spezialisierung, Kundenreferenzkontonummer, Arbeits-ID;<br>\nTechnische und Interaktionsinformationen \u2013 wie zum Beispiel:<br>\nInformationen \u00fcber das Ger\u00e4t, das Sie verwenden, um mit uns zu interagieren, Informationen \u00fcber fr\u00fchere Interaktionen oder Informationen \u00fcber gegebene Pr\u00e4sentationen;<br>\nInformationen \u00fcber Ihre Kontaktpr\u00e4ferenzen zur Kontaktaufnahme mit Ihnen oder Ihren bevorzugten Kommunikationskanal;<br>\nInformationen \u00fcber die Zeit, die Sie mit der Interaktion mit uns verbracht haben, den Ort dieser Interaktionen.<\/p>\n<h2>4. Zweck der Datenverarbeitung und Arten personenbezogener Daten<\/h2>\n<p>Alle personenbezogenen Daten, die Sie uns zur Verf\u00fcgung stellen, werden vertraulich behandelt und nur f\u00fcr die Zwecke verwendet, f\u00fcr die sie bereitgestellt wurden. Sollte eine Weiterverarbeitung Ihrer Daten f\u00fcr einen anderen Zweck erforderlich sein, werden wir Sie zuvor kontaktieren und um Ihre Zustimmung bitten.<\/p>\n<p>Direktvermarktung von Produkten und Dienstleistungen an Teilnehmer an Gewinnspielen, an Abonnenten unserer Dienste, Bestandskunden und Endkunden<\/p>\n<p>Wir verwenden den Namen, den Nachnamen, das Alter und die Kontaktinformationen, um E-Newsletter mit Informationen \u00fcber Produkte und Dienstleistungen (Informationen \u00fcber Neuigkeiten, Vorteile, Gewinnspiele und Veranstaltungen) zu versenden, die von dem b\u00f6rsennotierten Unternehmen vermarktet werden.<\/p>\n<p>Verarbeitung von Feedback zum Zweck der personalisierten Benachrichtigung<\/p>\n<p>Das Feedback, das wir auf der Website sammeln, wird mit dem Ziel gesammelt, die Informationen an die Pr\u00e4ferenzen des Einzelnen anzupassen. Dies sind Informationen \u00fcber Kontaktpr\u00e4ferenzen zur Kontaktaufnahme mit Ihnen oder Ihren bevorzugten Kommunikationskanal; Informationen \u00fcber die Zeit, die Sie mit der Interaktion mit uns verbracht haben, und den Ort dieser Interaktionen.<\/p>\n<p>Die Verarbeitung dieser Daten erfolgt auf Grundlage Ihrer Einwilligung, wobei Sie Ihre Einwilligung zum Erhalt von Werbemitteilungen jederzeit widerrufen k\u00f6nnen. Weitere Informationen zu Ihren Rechten in Bezug auf berufliche Informationen finden Sie im Abschnitt \u201eIhre Rechte\u201c.<\/p>\n<h2>5. Datennutzer<\/h2>\n<p>Der Verantwortliche verpflichtet sich, die erhobenen personenbezogenen Daten ausschlie\u00dflich f\u00fcr berufliche Zwecke bzw zum Zweck der Bereitstellung professioneller Informationen und der Sammlung von Feedback in der Gesellschaft BABAJI\u0106, d.o.o. , Slowenien und die unten aufgef\u00fchrten externen Auftragnehmer.<\/p>\n<p>Alle auf der oben genannten Rechtsgrundlage gesammelten Informationen werden gem\u00e4\u00df dem Zweck, f\u00fcr den sie gesammelt wurden, verwendet und nicht ohne Ihre Zustimmung an Dritte weitergegeben, au\u00dfer wie unten angegeben.<\/p>\n<p>Ihre personenbezogenen Daten werden im Rahmen der gesetzlichen Befugnisse an folgende Datennutzer weitergegeben:<\/p>\n<p>Das Unternehmen BABAJI\u0106, d.o.o. , Slowenien<\/p>\n<p>Der Betreiber kann Ihre personenbezogenen Daten an Dritte weitergeben. Der Zugriff Dritter auf die Daten und die Verarbeitung von Daten durch diese Parteien sind auf die Zwecke beschr\u00e4nkt, f\u00fcr die diese Daten erhoben wurden. Alle Dritten, denen wir m\u00f6glicherweise Ihre personenbezogenen Daten zur Verf\u00fcgung stellen, sind verpflichtet, die geltenden Gesetze sowie die Bestimmungen dieser \u201eErkl\u00e4rung zum Schutz personenbezogener Daten\u201c einzuhalten.<\/p>\n<p>Wir k\u00f6nnen Ihre personenbezogenen Daten an ausgew\u00e4hlte externe Auftragnehmer, Firma BABAJI\u0106, d.o.o. , Slowenien.<\/p>\n<p>Wir geben bestimmte personenbezogene Daten an die oben beschriebenen Dritten weiter. Wir werden sicherstellen, dass der Zugriff durch Dritte aktiviert ist ausschlie\u00dflich f\u00fcr die in dieser Erkl\u00e4rung dargelegten Zwecke. Wir werden geeignete Ma\u00dfnahmen ergreifen, um sicherzustellen, dass nur Mitarbeiter der aufgef\u00fchrten Drittanbieter, die zur Erf\u00fcllung ihrer Aufgaben Zugriff auf personenbezogene Daten ben\u00f6tigen, Zugriff auf Ihre personenbezogenen Daten haben. Der eingeschr\u00e4nkte Zugriff auf personenbezogene Daten ist sowohl bei der Firma BABAJI\u0106 d.o.o. und die gleiche Politik wird von allen unseren externen Auftragnehmern verfolgt. Alle Mitarbeiter, die Zugang zu personenbezogenen Daten haben, sind verpflichtet, die von ihnen verarbeiteten personenbezogenen Daten zu sch\u00fctzen.<\/p>\n<p>In \u00dcbereinstimmung mit den einschl\u00e4gigen Datenschutz- und Datenschutzbestimmungen werden wir geeignete Ma\u00dfnahmen ergreifen, um sicherzustellen, dass Ihre personenbezogenen Daten gesch\u00fctzt und sicher bleiben, auch wenn sie au\u00dferhalb Ihres Heimatlandes \u00fcbertragen werden.<\/p>\n<h2>6. Grundlage f\u00fcr die Verwendung personenbezogener Daten<\/h2>\n<p>Die Grundlagen, auf denen wir Ihre personenbezogenen Daten verwenden, sind wie folgt:<\/p>\n<p>Ihre ausdr\u00fcckliche Zustimmung \u2013 von Zeit zu Zeit bitten wir Sie m\u00f6glicherweise um Ihre Zustimmung, Ihre personenbezogenen Daten f\u00fcr einen oder mehrere Zwecke zu verwenden. Informationen zu den Rechten, die Sie haben, wenn wir Ihre Daten aufgrund Ihrer Einwilligung verarbeiten, finden Sie im Abschnitt Ihre Rechte;<br>\nwenn es f\u00fcr unsere legitimen Gesch\u00e4ftsinteressen erforderlich ist \u2013 die Verwendung Ihrer personenbezogenen Daten hilft uns, unser Gesch\u00e4ft zu verwalten und zu verbessern und Unterbrechungen bei der Bereitstellung der Dienstleistungen, die wir Ihnen anbieten k\u00f6nnen, zu minimieren. Die Verwendung Ihrer personenbezogenen Daten erm\u00f6glicht es uns auch, unsere Kommunikation mit Ihnen relevanter und auf Sie zugeschnittener zu gestalten und Ihre Erfahrungen mit unseren Dienstleistungen und Produkten effizient und erfolgreich zu gestalten. Berechtigte Interessen k\u00f6nnen sein:<br>\nErm\u00f6glichung der effizienten und erfolgreichen Verwaltung und F\u00fchrung unseres Gesch\u00e4fts;<br>\nAufrechterhaltung der Einhaltung unserer internen Verfahren und Richtlinien f\u00fcr das Kundenbeziehungsmanagement;<br>\nAngebot aktueller L\u00f6sungen f\u00fcr die Kundeninteraktion;<br>\nBereitstellung zus\u00e4tzlicher Informationen und Pr\u00e4sentationen f\u00fcr unsere Kunden, um unser Serviceangebot zu verbessern.<\/p>\n<h2>7. Speicherdauer<\/h2>\n<p>Ihre Kontaktdaten zum Zwecke der Benachrichtigung werden bis auf Widerruf verarbeitet.<\/p>\n<h2>8. So sch\u00fctzen Sie Ihre Daten<\/h2>\n<p>Das Unternehmen BABAJI\u0106, d.o.o. verpflichtet sich, die personenbezogenen Daten, die Sie uns \u00fcber das elektronische Formular \u00fcbermitteln, zu sch\u00fctzen. Das Unternehmen BABAJI\u0106, d.o.o. , Slowenien, wird alles tun, um personenbezogene Daten vor Verletzungen und Missbrauch zu sch\u00fctzen.<\/p>\n<p>Wir speichern personenbezogene Daten im Computerformat. Unsere Computersysteme sind durch technische und organisatorische Ma\u00dfnahmen gesch\u00fctzt, die eine versehentliche oder rechtswidrige Zerst\u00f6rung, einen Verlust, eine Ver\u00e4nderung und eine unbefugte Offenlegung oder einen unbefugten Zugriff auf Ihre personenbezogenen Daten verhindern.<\/p>\n<p>Nach Wegfall der Notwendigkeit der Datenhaltung, d.h. nach erf\u00fcllung des zweckes, f\u00fcr den die daten erhoben wurden, werden die daten unverz\u00fcglich unwiederbringlich und dauerhaft gel\u00f6scht.<\/p>\n<h2>9. Ihre Rechte<\/h2>\n<p>Das Unternehmen BABAJI\u0106, d.o.o. gew\u00e4hrleistet die Aus\u00fcbung aller Ihrer Rechte, die Ihnen in Bezug auf die Verarbeitung Ihrer personenbezogenen Daten zustehen.<\/p>\n<p>Abmeldung von professionellen Produktinformationen<br>\nWenn Sie nicht mehr \u00fcber Produkte informiert werden m\u00f6chten, die von der Firma BABAJI\u0106, d.o.o. , Slowenien und seinen verbundenen Unternehmen k\u00f6nnen Sie uns unter <a href=\"mailto:info@pogrebne-storitve-babajic.si\">info@pogrebne-storitve-babajic.si<\/a> benachrichtigen oder <a href=\"tel:+38638913040\">+386 3 891 30 40<\/a> anrufen.<\/p>\n<p>Die Person, auf die sich die personenbezogenen Daten beziehen, kann jederzeit verlangen, dass die Gesellschaft BABAJI\u0106, d.o.o. :<\/p>\n<p>best\u00e4tigen, ob die ihn betreffenden Daten verarbeitet werden oder nicht,<br>\nden Zugriff auf personenbezogene Daten zu erm\u00f6glichen (d. h. das Anzeigen und Kopieren oder Kopieren),<br>\nstellt Informationen im Zusammenhang mit der Verarbeitung dieser Daten bereit (z. B. \u00fcber den Zweck der Verarbeitung, Art der personenbezogenen Daten, Benutzer, denen personenbezogene Daten bereitgestellt wurden oder werden, voraussichtliche Dauer der Datenspeicherung, \u00fcber technische und organisatorische Ma\u00dfnahmen f\u00fcr Datenschutz usw.),<br>\ndie Berichtigung ihn betreffender unrichtiger personenbezogener Daten und die Erg\u00e4nzung unvollst\u00e4ndiger personenbezogener Daten erm\u00f6glichen,<br>\nerm\u00f6glicht das Recht auf L\u00f6schung personenbezogener Daten (das sogenannte Recht auf Vergessenwerden),<br>\ndas Recht auf Einschr\u00e4nkung der Verarbeitung erm\u00f6glichen,<br>\nerm\u00f6glicht das Recht, der Verarbeitung zu widersprechen, wenn die Datenverarbeitung auf dem berechtigten Interesse des Verantwortlichen beruht, einschlie\u00dflich der Erstellung von Profilen,<br>\ndas Recht auf Daten\u00fcbertragbarkeit erm\u00f6glichen und ihm die Daten in einem g\u00e4ngigen und maschinenlesbaren Format bereitstellen oder direkt einem anderen Verantwortlichen \u00fcbermitteln,<br>\nerm\u00f6glicht das Recht auf Widerruf einer Einwilligung, wenn personenbezogene Daten auf Grundlage einer Einwilligung verarbeitet werden, wobei der Widerruf der Einwilligung die Rechtm\u00e4\u00dfigkeit der bis zum Widerruf erfolgten Datenverarbeitung nicht ber\u00fchrt<br>\nenth\u00e4lt weitere Informationen zu seinem Beschwerderecht bei der zust\u00e4ndigen Aufsichtsbeh\u00f6rde.<\/p>\n<p>Auch die Gesellschaft BABAJI\u0106, d.o.o. der Person auf Anfrage gem\u00e4\u00df den geltenden Gesetzen weitere Informationen zu ihren personenbezogenen Daten, die sie verarbeitet, zur Verf\u00fcgung gestellt.<\/p>\n<p>Das Unternehmen BABAJI\u0106, d.o.o. verpflichtet sich, auf die Anfragen der Person, auf die sich personenbezogene Daten beziehen, unverz\u00fcglich und sp\u00e4testens innerhalb der gesetzlich vorgeschriebenen Fristen zu antworten.<\/p>\n<h2>10. Kontakt<\/h2>\n<p>Bei Fragen zur Vertraulichkeit Ihrer Daten, zur Art und Weise der Datenerhebung und -verarbeitung oder zu Ihren Anfragen zur Aus\u00fcbung von Rechten in Bezug auf Ihre Daten<\/p>\n<p>Ich, die verantwortliche Person bei BABAJI\u0106, d.o.o., wird Ihnen antworten. und\/oder autorisierte Person zum Schutz personenbezogener Daten.<\/p>\n<p>Um die autorisierte Person f\u00fcr den Schutz personenbezogener Daten zu kontaktieren, schreiben Sie eine E-Mail an <a href=\"mailto:info@pogrebne-storitve-babajic.si\">info@pogrebne-storitve-babajic.si<\/a> oder rufen Sie <a href=\"tel:+38638913040\">+386 3 891 30 40<\/a> an.<\/p>\n<h2>11. \u00c4nderungen<\/h2>\n<p>Wir behalten uns das Recht vor, die Erkl\u00e4rung zum Schutz personenbezogener Daten regelm\u00e4\u00dfig an die aktuelle Situation und die Gesetzgebung im Bereich des Schutzes personenbezogener Daten anzupassen. Aus diesem Grund bitten wir Sie, vor jeder \u00dcbermittlung personenbezogener Daten die aktuelle Version zu \u00fcberpr\u00fcfen, damit Sie \u00fcber m\u00f6gliche \u00c4nderungen und Erg\u00e4nzungen informiert sind.<\/p><\/div>\n        \t\t\t\t<\/div>\n\t\t\t\t<\/div>\n\t\t\t\t\t<\/div>\n\t\t<\/div>\n\t\t\t\t<div class=\"elementor-column elementor-col-33 elementor-top-column elementor-element elementor-element-f3e08f1\" data-id=\"f3e08f1\" data-element_type=\"column\" data-e-type=\"column\">\n\t\t\t<div class=\"elementor-widget-wrap\">\n\t\t\t\t\t\t\t<\/div>\n\t\t<\/div>\n\t\t\t\t\t<\/div>\n\t\t<\/section>\n\t\t\t\t<section class=\"elementor-section elementor-top-section elementor-element elementor-element-32753ca5 elementor-section-stretched elementor-section-boxed elementor-section-height-default elementor-section-height-default\" data-id=\"32753ca5\" data-element_type=\"section\" data-e-type=\"section\" data-settings=\"{&quot;stretch_section&quot;:&quot;section-stretched&quot;,&quot;background_background&quot;:&quot;classic&quot;}\">\n\t\t\t\t\t\t\t<div class=\"elementor-background-overlay\"><\/div>\n\t\t\t\t\t\t\t<div class=\"elementor-container elementor-column-gap-no\">\n\t\t\t\t\t<div class=\"elementor-column elementor-col-50 elementor-top-column elementor-element elementor-element-50a9c3a9 animated-fast elementor-invisible\" data-id=\"50a9c3a9\" data-element_type=\"column\" data-e-type=\"column\" data-settings=\"{&quot;background_background&quot;:&quot;classic&quot;,&quot;animation&quot;:&quot;opal-move-up&quot;}\">\n\t\t\t<div class=\"elementor-widget-wrap elementor-element-populated\">\n\t\t\t\t\t\t<div class=\"elementor-element elementor-element-7e4268f0 animated-fast elementor-invisible elementor-widget elementor-widget-text-editor\" data-id=\"7e4268f0\" data-element_type=\"widget\" data-e-type=\"widget\" data-settings=\"{&quot;_animation&quot;:&quot;opal-move-up&quot;}\" data-widget_type=\"text-editor.default\">\n\t\t\t\t<div class=\"elementor-widget-container\">\n\t\t\t\t\t        <div class=\"elementor-text-editor elementor-clearfix\">ANRUF<\/div>\n        \t\t\t\t<\/div>\n\t\t\t\t<\/div>\n\t\t\t\t<div class=\"elementor-element elementor-element-52437fc2 elementor-widget elementor-widget-heading\" data-id=\"52437fc2\" data-element_type=\"widget\" data-e-type=\"widget\" data-widget_type=\"heading.default\">\n\t\t\t\t<div class=\"elementor-widget-container\">\n\t\t\t\t\t<h3 class=\"elementor-heading-title elementor-size-default\">+386 (0)31 600 877<\/h3>\t\t\t\t<\/div>\n\t\t\t\t<\/div>\n\t\t\t\t<div class=\"elementor-element elementor-element-6a2aaf1b animated-fast elementor-invisible elementor-widget elementor-widget-text-editor\" data-id=\"6a2aaf1b\" data-element_type=\"widget\" data-e-type=\"widget\" data-settings=\"{&quot;_animation&quot;:&quot;opal-move-up&quot;}\" data-widget_type=\"text-editor.default\">\n\t\t\t\t<div class=\"elementor-widget-container\">\n\t\t\t\t\t        <div class=\"elementor-text-editor elementor-clearfix\">&#8230; ODER F\u00dcLLEN SIE DAS FOLGENDE FORMULAR AUS:<\/div>\n        \t\t\t\t<\/div>\n\t\t\t\t<\/div>\n\t\t\t\t<div class=\"elementor-element elementor-element-287a1e0 elementor-widget elementor-widget-shortcode\" data-id=\"287a1e0\" data-element_type=\"widget\" data-e-type=\"widget\" data-widget_type=\"shortcode.default\">\n\t\t\t\t<div class=\"elementor-widget-container\">\n\t\t\t\t\t\t\t<div class=\"elementor-shortcode\"><div class=\"wpforms-container wpforms-container-full\" id=\"wpforms-6790\"><form id=\"wpforms-form-6790\" class=\"wpforms-validate wpforms-form\" data-formid=\"6790\" method=\"post\" enctype=\"multipart\/form-data\" action=\"\/de\/wp-json\/wp\/v2\/pages\/6981\" data-token=\"36bf7cfab3dd2a0be1d14f1ade5df10a\" data-token-time=\"1778997971\"><noscript class=\"wpforms-error-noscript\">Bitte aktiviere JavaScript in deinem Browser, um dieses Formular fertigzustellen.<\/noscript><div class=\"wpforms-field-container\"><div id=\"wpforms-6790-field_2-container\" class=\"wpforms-field wpforms-field-text\" data-field-id=\"2\"><input type=\"text\" id=\"wpforms-6790-field_2\" class=\"wpforms-field-large\" name=\"wpforms[fields][2]\" placeholder=\"IHREN NAMEN:\" ><\/div><div id=\"wpforms-6790-field_3-container\" class=\"wpforms-field wpforms-field-email\" data-field-id=\"3\"><input type=\"email\" id=\"wpforms-6790-field_3\" class=\"wpforms-field-large\" name=\"wpforms[fields][3]\" placeholder=\"DEINE E-MAIL:\" spellcheck=\"false\" ><\/div><div id=\"wpforms-6790-field_4-container\" class=\"wpforms-field wpforms-field-text\" data-field-id=\"4\"><input type=\"text\" id=\"wpforms-6790-field_4\" class=\"wpforms-field-large\" name=\"wpforms[fields][4]\" placeholder=\"NACHRICHT:\" ><\/div><\/div><!-- .wpforms-field-container --><div class=\"wpforms-field wpforms-field-hp\"><label for=\"wpforms-6790-field-hp\" class=\"wpforms-field-label\">Email<\/label><input type=\"text\" name=\"wpforms[hp]\" id=\"wpforms-6790-field-hp\" class=\"wpforms-field-medium\"><\/div><div class=\"wpforms-submit-container\" ><input type=\"hidden\" name=\"wpforms[id]\" value=\"6790\"><input type=\"hidden\" name=\"page_title\" value=\"\"><input type=\"hidden\" name=\"page_url\" value=\"https:\/\/www.pogrebne-storitve-babajic.si\/de\/wp-json\/wp\/v2\/pages\/6981\"><button type=\"submit\" name=\"wpforms[submit]\" id=\"wpforms-submit-6790\" class=\"wpforms-submit\" data-alt-text=\"Senden...\" data-submit-text=\"NACHRICHT SENDEN\" aria-live=\"assertive\" value=\"wpforms-submit\">NACHRICHT SENDEN<\/button><\/div><\/form><\/div>  <!-- .wpforms-container --><\/div>\n\t\t\t\t\t\t<\/div>\n\t\t\t\t<\/div>\n\t\t\t\t\t<\/div>\n\t\t<\/div>\n\t\t\t\t<div class=\"elementor-column elementor-col-50 elementor-top-column elementor-element elementor-element-463679c6\" data-id=\"463679c6\" data-element_type=\"column\" data-e-type=\"column\">\n\t\t\t<div class=\"elementor-widget-wrap\">\n\t\t\t\t\t\t\t<\/div>\n\t\t<\/div>\n\t\t\t\t\t<\/div>\n\t\t<\/section>\n\t\t\t\t<\/div>\n\t\t","protected":false},"excerpt":{"rendered":"<p>Datenschutz Bestimmungen 1. Allgemeines Das Unternehmen BABAJI\u0106, d.o.o. , respektiert Ihr Recht auf Privatsph\u00e4re und strebt den h\u00f6chstm\u00f6glichen Schutz Ihrer personenbezogenen Daten an. Daher sind wir bei der Aus\u00fcbung unserer T\u00e4tigkeit verpflichtet, in \u00dcbereinstimmung mit den Gesetzen und Vorschriften zu handeln, die den Schutz personenbezogener Daten definieren, insbesondere in \u00dcbereinstimmung mit dem Gesetz zum Schutz &hellip; <\/p>\n<p class=\"link-more\"><a href=\"https:\/\/www.pogrebne-storitve-babajic.si\/de\/datenschutz-bestimmungen\/\" class=\"more-link\">Read More <span class=\"screen-reader-text\"> &#8222;Datenschutz Bestimmungen&#8220;<\/span><\/a><\/p>\n","protected":false},"author":3,"featured_media":0,"parent":0,"menu_order":7,"comment_status":"closed","ping_status":"closed","template":"page-elementor.php","meta":{"inline_featured_image":false,"footnotes":""},"class_list":["post-6981","page","type-page","status-publish","hentry"],"_links":{"self":[{"href":"https:\/\/www.pogrebne-storitve-babajic.si\/de\/wp-json\/wp\/v2\/pages\/6981","targetHints":{"allow":["GET"]}}],"collection":[{"href":"https:\/\/www.pogrebne-storitve-babajic.si\/de\/wp-json\/wp\/v2\/pages"}],"about":[{"href":"https:\/\/www.pogrebne-storitve-babajic.si\/de\/wp-json\/wp\/v2\/types\/page"}],"author":[{"embeddable":true,"href":"https:\/\/www.pogrebne-storitve-babajic.si\/de\/wp-json\/wp\/v2\/users\/3"}],"replies":[{"embeddable":true,"href":"https:\/\/www.pogrebne-storitve-babajic.si\/de\/wp-json\/wp\/v2\/comments?post=6981"}],"version-history":[{"count":13,"href":"https:\/\/www.pogrebne-storitve-babajic.si\/de\/wp-json\/wp\/v2\/pages\/6981\/revisions"}],"predecessor-version":[{"id":7794,"href":"https:\/\/www.pogrebne-storitve-babajic.si\/de\/wp-json\/wp\/v2\/pages\/6981\/revisions\/7794"}],"wp:attachment":[{"href":"https:\/\/www.pogrebne-storitve-babajic.si\/de\/wp-json\/wp\/v2\/media?parent=6981"}],"curies":[{"name":"wp","href":"https:\/\/api.w.org\/{rel}","templated":true}]}}