{"id":6645,"date":"2022-08-30T07:31:32","date_gmt":"2022-08-30T07:31:32","guid":{"rendered":"https:\/\/www.pogrebne-storitve-babajic.si\/cookies\/"},"modified":"2025-02-21T07:49:47","modified_gmt":"2025-02-21T07:49:47","slug":"cookies","status":"publish","type":"page","link":"https:\/\/www.pogrebne-storitve-babajic.si\/en\/cookies\/","title":{"rendered":"Cookies"},"content":{"rendered":"\t\t<div data-elementor-type=\"wp-post\" data-elementor-id=\"6645\" class=\"elementor elementor-6645 elementor-6339\" data-elementor-post-type=\"page\">\n\t\t\t\t\t\t<section class=\"elementor-section elementor-top-section elementor-element elementor-element-881a5bb elementor-section-content-middle elementor-reverse-mobile elementor-section-boxed elementor-section-height-default elementor-section-height-default\" data-id=\"881a5bb\" data-element_type=\"section\" data-e-type=\"section\">\n\t\t\t\t\t\t<div class=\"elementor-container elementor-column-gap-default\">\n\t\t\t\t\t<div class=\"elementor-column elementor-col-66 elementor-top-column elementor-element elementor-element-0d35f3d\" data-id=\"0d35f3d\" data-element_type=\"column\" data-e-type=\"column\">\n\t\t\t<div class=\"elementor-widget-wrap elementor-element-populated\">\n\t\t\t\t\t\t<div class=\"elementor-element elementor-element-761c119 animated-fast elementor-invisible elementor-widget elementor-widget-heading\" data-id=\"761c119\" data-element_type=\"widget\" data-e-type=\"widget\" data-settings=\"{&quot;_animation&quot;:&quot;opal-move-up&quot;}\" data-widget_type=\"heading.default\">\n\t\t\t\t<div class=\"elementor-widget-container\">\n\t\t\t\t\t<h2 class=\"elementor-heading-title elementor-size-default\">Cookies<\/h2>\t\t\t\t<\/div>\n\t\t\t\t<\/div>\n\t\t\t\t<div class=\"elementor-element elementor-element-007aa9b elementor-widget elementor-widget-text-editor\" data-id=\"007aa9b\" data-element_type=\"widget\" data-e-type=\"widget\" data-widget_type=\"text-editor.default\">\n\t\t\t\t<div class=\"elementor-widget-container\">\n\t\t\t\t\t        <div class=\"elementor-text-editor elementor-clearfix\"><h2> What are cookies?<\/h2>\n<p> A cookie is a small text file that is downloaded to a user&#8217;s computer when they visit a website. It helps the site implement a better user experience and track visit statistics. Cookies can be stored for different periods of time, only for the duration of the browsing session or longer.\n<\/p>\n<h2>What types of cookies does the website contain?<\/h2>\n<p> We may use the following types of cookies on our websites:<\/p>\n<p> Custom cookies, which may be temporary, last only during the user&#8217;s browsing session and are required for the proper functioning of certain applications or functionality on the web pages. We use longer cookies to store and use information the next time a user visits this site, and to monitor the visit. <\/p>\n<p> Other cookies originate from other, affiliate websites. Pogrebne-storitve-babajic.si uses Google Analytics analytics software to monitor visitors and statistics on its websites. <\/p>\n<p> We also use the You Tube (Google Inc.) online service to display our video ads or other video content on the Site. The You Tube cookie is only loaded on the user&#8217;s device after the user has initiated the video. <\/p>\n<p> <strong>1. Website Own Cookies<\/strong> <\/p>\n<p> Cookie name, Purpose, Cookie time, Company:<\/p>\n<p> PHPSESSID, Make sure the website functions properly, When you close your browser, Pogrebne-storitve-babajic.si\n<\/p>\n<p><strong> 2. Cookies from external websites \/ services<\/strong><\/p>\n<p> Cookie name, Purpose, Cookie time, Company:<\/p>\n<p> _ga, _gat, _utma, _utmb, Website Views Statistics, 10 min. &#8211; 2 years, Google Inc.<\/p>\n<h2>Website cookie manager<\/h2>\n<p> Pogrebne storitve Babaji\u0107 d. o. o., <br>\u0160kale 98A, \u0160kale, <br>3320 Velenje, <br>Slovenia<br><\/p><br><\/div>\n        \t\t\t\t<\/div>\n\t\t\t\t<\/div>\n\t\t\t\t\t<\/div>\n\t\t<\/div>\n\t\t\t\t<div class=\"elementor-column elementor-col-33 elementor-top-column elementor-element elementor-element-f3e08f1\" data-id=\"f3e08f1\" data-element_type=\"column\" data-e-type=\"column\">\n\t\t\t<div class=\"elementor-widget-wrap\">\n\t\t\t\t\t\t\t<\/div>\n\t\t<\/div>\n\t\t\t\t\t<\/div>\n\t\t<\/section>\n\t\t\t\t<section class=\"elementor-section elementor-top-section elementor-element elementor-element-575d8b37 elementor-section-stretched elementor-section-boxed elementor-section-height-default elementor-section-height-default\" data-id=\"575d8b37\" data-element_type=\"section\" data-e-type=\"section\" data-settings=\"{&quot;stretch_section&quot;:&quot;section-stretched&quot;,&quot;background_background&quot;:&quot;classic&quot;}\">\n\t\t\t\t\t\t\t<div class=\"elementor-background-overlay\"><\/div>\n\t\t\t\t\t\t\t<div class=\"elementor-container elementor-column-gap-no\">\n\t\t\t\t\t<div class=\"elementor-column elementor-col-50 elementor-top-column elementor-element elementor-element-6f31712c animated-fast elementor-invisible\" data-id=\"6f31712c\" data-element_type=\"column\" data-e-type=\"column\" data-settings=\"{&quot;background_background&quot;:&quot;classic&quot;,&quot;animation&quot;:&quot;opal-move-up&quot;}\">\n\t\t\t<div class=\"elementor-widget-wrap elementor-element-populated\">\n\t\t\t\t\t\t<div class=\"elementor-element elementor-element-589164f animated-fast elementor-invisible elementor-widget elementor-widget-text-editor\" data-id=\"589164f\" data-element_type=\"widget\" data-e-type=\"widget\" data-settings=\"{&quot;_animation&quot;:&quot;opal-move-up&quot;}\" data-widget_type=\"text-editor.default\">\n\t\t\t\t<div class=\"elementor-widget-container\">\n\t\t\t\t\t        <div class=\"elementor-text-editor elementor-clearfix\"><p>CALL<\/p><\/div>\n        \t\t\t\t<\/div>\n\t\t\t\t<\/div>\n\t\t\t\t<div class=\"elementor-element elementor-element-f36b634 elementor-widget elementor-widget-heading\" data-id=\"f36b634\" data-element_type=\"widget\" data-e-type=\"widget\" data-widget_type=\"heading.default\">\n\t\t\t\t<div class=\"elementor-widget-container\">\n\t\t\t\t\t<h3 class=\"elementor-heading-title elementor-size-default\">+386 (0)31 600 877<\/h3>\t\t\t\t<\/div>\n\t\t\t\t<\/div>\n\t\t\t\t<div class=\"elementor-element elementor-element-57848b0d animated-fast elementor-invisible elementor-widget elementor-widget-text-editor\" data-id=\"57848b0d\" data-element_type=\"widget\" data-e-type=\"widget\" data-settings=\"{&quot;_animation&quot;:&quot;opal-move-up&quot;}\" data-widget_type=\"text-editor.default\">\n\t\t\t\t<div class=\"elementor-widget-container\">\n\t\t\t\t\t        <div class=\"elementor-text-editor elementor-clearfix\"><p>&#8230; OR FILL OUT THE FORM BELOW:<\/p><\/div>\n        \t\t\t\t<\/div>\n\t\t\t\t<\/div>\n\t\t\t\t<div class=\"elementor-element elementor-element-454c7cc5 elementor-widget elementor-widget-shortcode\" data-id=\"454c7cc5\" data-element_type=\"widget\" data-e-type=\"widget\" data-widget_type=\"shortcode.default\">\n\t\t\t\t<div class=\"elementor-widget-container\">\n\t\t\t\t\t\t\t<div class=\"elementor-shortcode\"><div class=\"wpforms-container wpforms-container-full\" id=\"wpforms-6326\"><form id=\"wpforms-form-6326\" class=\"wpforms-validate wpforms-form\" data-formid=\"6326\" method=\"post\" enctype=\"multipart\/form-data\" action=\"\/en\/wp-json\/wp\/v2\/pages\/6645\" data-token=\"d90446a4ffd9bbfbe8760d2a68d27746\" data-token-time=\"1779001389\"><noscript class=\"wpforms-error-noscript\">Please enable JavaScript in your browser to complete this form.<\/noscript><div class=\"wpforms-field-container\"><div id=\"wpforms-6326-field_2-container\" class=\"wpforms-field wpforms-field-text\" data-field-id=\"2\"><input type=\"text\" id=\"wpforms-6326-field_2\" class=\"wpforms-field-large\" name=\"wpforms[fields][2]\" placeholder=\"YOUR NAME:\" ><\/div><div id=\"wpforms-6326-field_3-container\" class=\"wpforms-field wpforms-field-email\" data-field-id=\"3\"><input type=\"email\" id=\"wpforms-6326-field_3\" class=\"wpforms-field-large\" name=\"wpforms[fields][3]\" placeholder=\"YOUR E-MAIL:\" spellcheck=\"false\" ><\/div><div id=\"wpforms-6326-field_4-container\" class=\"wpforms-field wpforms-field-text\" data-field-id=\"4\"><input type=\"text\" id=\"wpforms-6326-field_4\" class=\"wpforms-field-large\" name=\"wpforms[fields][4]\" placeholder=\"MESSAGE:\" ><\/div><\/div><!-- .wpforms-field-container --><div class=\"wpforms-field wpforms-field-hp\"><label for=\"wpforms-6326-field-hp\" class=\"wpforms-field-label\">Comment<\/label><input type=\"text\" name=\"wpforms[hp]\" id=\"wpforms-6326-field-hp\" class=\"wpforms-field-medium\"><\/div><div class=\"wpforms-submit-container\" ><input type=\"hidden\" name=\"wpforms[id]\" value=\"6326\"><input type=\"hidden\" name=\"page_title\" value=\"\"><input type=\"hidden\" name=\"page_url\" value=\"https:\/\/www.pogrebne-storitve-babajic.si\/en\/wp-json\/wp\/v2\/pages\/6645\"><button type=\"submit\" name=\"wpforms[submit]\" id=\"wpforms-submit-6326\" class=\"wpforms-submit\" data-alt-text=\"Sending...\" data-submit-text=\"SEND MESSAGE\" aria-live=\"assertive\" value=\"wpforms-submit\">SEND MESSAGE<\/button><\/div><\/form><\/div>  <!-- .wpforms-container --><\/div>\n\t\t\t\t\t\t<\/div>\n\t\t\t\t<\/div>\n\t\t\t\t\t<\/div>\n\t\t<\/div>\n\t\t\t\t<div class=\"elementor-column elementor-col-50 elementor-top-column elementor-element elementor-element-1fa8fdf6\" data-id=\"1fa8fdf6\" data-element_type=\"column\" data-e-type=\"column\">\n\t\t\t<div class=\"elementor-widget-wrap\">\n\t\t\t\t\t\t\t<\/div>\n\t\t<\/div>\n\t\t\t\t\t<\/div>\n\t\t<\/section>\n\t\t\t\t<\/div>\n\t\t","protected":false},"excerpt":{"rendered":"<p>Cookies What are cookies? A cookie is a small text file that is downloaded to a user&#8217;s computer when they visit a website. It helps the site implement a better user experience and track visit statistics. Cookies can be stored for different periods of time, only for the duration of the browsing session or longer. &hellip; <\/p>\n<p class=\"link-more\"><a href=\"https:\/\/www.pogrebne-storitve-babajic.si\/en\/cookies\/\" class=\"more-link\">Read More <span class=\"screen-reader-text\"> &#8220;Cookies&#8221;<\/span><\/a><\/p>\n","protected":false},"author":3,"featured_media":0,"parent":0,"menu_order":6,"comment_status":"closed","ping_status":"closed","template":"page-elementor.php","meta":{"inline_featured_image":false,"footnotes":""},"class_list":["post-6645","page","type-page","status-publish","hentry"],"_links":{"self":[{"href":"https:\/\/www.pogrebne-storitve-babajic.si\/en\/wp-json\/wp\/v2\/pages\/6645","targetHints":{"allow":["GET"]}}],"collection":[{"href":"https:\/\/www.pogrebne-storitve-babajic.si\/en\/wp-json\/wp\/v2\/pages"}],"about":[{"href":"https:\/\/www.pogrebne-storitve-babajic.si\/en\/wp-json\/wp\/v2\/types\/page"}],"author":[{"embeddable":true,"href":"https:\/\/www.pogrebne-storitve-babajic.si\/en\/wp-json\/wp\/v2\/users\/3"}],"replies":[{"embeddable":true,"href":"https:\/\/www.pogrebne-storitve-babajic.si\/en\/wp-json\/wp\/v2\/comments?post=6645"}],"version-history":[{"count":10,"href":"https:\/\/www.pogrebne-storitve-babajic.si\/en\/wp-json\/wp\/v2\/pages\/6645\/revisions"}],"predecessor-version":[{"id":7723,"href":"https:\/\/www.pogrebne-storitve-babajic.si\/en\/wp-json\/wp\/v2\/pages\/6645\/revisions\/7723"}],"wp:attachment":[{"href":"https:\/\/www.pogrebne-storitve-babajic.si\/en\/wp-json\/wp\/v2\/media?parent=6645"}],"curies":[{"name":"wp","href":"https:\/\/api.w.org\/{rel}","templated":true}]}}